{"id":8250,"date":"2019-04-02T17:08:37","date_gmt":"2019-04-02T20:08:37","guid":{"rendered":"http:\/\/en-mol.icb.usp.br\/?page_id=8250"},"modified":"2019-10-01T17:10:08","modified_gmt":"2019-10-01T20:10:08","slug":"20-6-a-aparelho-reprodutor-feminino","status":"publish","type":"page","link":"https:\/\/mol-en.icb.usp.br\/index.php\/20-6-a-aparelho-reprodutor-feminino\/","title":{"rendered":"20-6-A Aparelho reprodutor feminino"},"content":{"rendered":"<div class=\"su-row\">\n  <div class=\"su-column su-column-size-1-1\"><div class=\"su-column-inner su-u-clearfix su-u-trim\"> 0V\u00c1RIO -6 &#8211; A <\/div><\/div>\n<\/div>\n<div class=\"su-row\">\n  <div class=\"su-column su-column-size-1-2\"><div class=\"su-column-inner su-u-clearfix su-u-trim\">\nFol\u00edculos prim\u00e1rios<br \/>\nOs fol\u00edculos prim\u00e1rios s\u00e3o o primeiro est\u00e1gio do crescimento e desenvolvimento dos ov\u00f3citos que anteriormente se encontravam na categoria de fol\u00edculos primordiais e que se situavam na superf\u00edcie da regi\u00e3o cortical.<br \/>\n\u00c0 direita na imagem h\u00e1 um grupo de <strong>fol\u00edculos primordiais<\/strong> \u2013 alguns destacados em cor de rosa.<br \/>\nObserve \u00e0 esquerda um <strong>fol\u00edculo prim\u00e1rio<\/strong>. Este fol\u00edculo est\u00e1 afastado da superf\u00edcie do ov\u00e1rio. O citoplasma do seu ov\u00f3cito est\u00e1 ressaltado em cor de rosa e o n\u00facleo em azul.<br \/>\nAs <strong>c\u00e9lulas foliculares<\/strong> situadas em torno do ov\u00f3cito eram inicialmente pavimentosas e se modificaram constituindo agora um <strong>epit\u00e9lio simples c\u00fabico<\/strong> \u2013 ressaltado em verde.<br \/>\nCompare o tamanho do fol\u00edculo prim\u00e1rio e do seu ov\u00f3cito com os fol\u00edculos primordiais situados \u00e0 direita.<\/p>\n<\/div><\/div>\n  <div class=\"su-column su-column-size-1-2\"><div class=\"su-column-inner su-u-clearfix su-u-trim\"> <\/p>\n<div onclick>\n<div class=\"image-container\">\n<div class=\"extra\">\n<a href=\"javascript:void(0)\"><img decoding=\"async\" src=\" https:\/\/mol-en.icb.usp.br\/wp-content\/uploads\/20-6-A.jpg \" onmouseover=\"this.src=' https:\/\/mol-en.icb.usp.br\/wp-content\/uploads\/20-6-A-MO.jpg'\" onmouseout=\"this.src=' https:\/\/mol-en.icb.usp.br\/wp-content\/uploads\/20-6-A.jpg'\" \/><\/a><\/div>\n<p>Ov\u00e1rio. Colora\u00e7\u00e3o: hematoxilina e eosina. Aumento pequeno.<\/p>\n<p><img decoding=\"async\" src=\"https:\/\/mol-en.icb.usp.br\/wp-content\/uploads\/mouse-1.gif\"\/><\/a><\/p>\n<div onclick=\"\"\n\n\n<\/p>\n<p><strong>Desktops e notebooks<\/strong> &#8211; Coloque o cursor sobre a imagem.<\/p>\n<p><strong>Tablets e telefones celulares &#8211; <\/strong>Clique sobre a figura para acessar outra imagem. Clique fora da figura para voltar \u00e0 primeira imagem.<\/p>\n<p><strong>NAVEGA\u00c7\u00c3O NO MOL:<\/strong><\/p>\n<p><a href=\"https:\/\/mol-en.icb.usp.br\/index.php\/20-5-aparelho-reprodutor-feminino\/\">ACESSAR P\u00c1GINA ANTERIOR<\/a><\/p>\n<p><a href=\"https:\/\/mol-en.icb.usp.br\/index.php\/20-6-B-aparelho-reprodutor-feminino\/\">ACESSAR P\u00c1GINA SEGUINTE<\/a>\n<\/div>\n<\/div>\n<\/div>\n<p><\/body><br \/>\n<\/html> <\/div><\/div>\n<\/div>\n","protected":false},"excerpt":{"rendered":"","protected":false},"author":2,"featured_media":0,"parent":0,"menu_order":0,"comment_status":"closed","ping_status":"closed","template":"","meta":{"footnotes":""},"class_list":["post-8250","page","type-page","status-publish","hentry"],"_links":{"self":[{"href":"https:\/\/mol-en.icb.usp.br\/index.php\/wp-json\/wp\/v2\/pages\/8250","targetHints":{"allow":["GET"]}}],"collection":[{"href":"https:\/\/mol-en.icb.usp.br\/index.php\/wp-json\/wp\/v2\/pages"}],"about":[{"href":"https:\/\/mol-en.icb.usp.br\/index.php\/wp-json\/wp\/v2\/types\/page"}],"author":[{"embeddable":true,"href":"https:\/\/mol-en.icb.usp.br\/index.php\/wp-json\/wp\/v2\/users\/2"}],"replies":[{"embeddable":true,"href":"https:\/\/mol-en.icb.usp.br\/index.php\/wp-json\/wp\/v2\/comments?post=8250"}],"version-history":[{"count":4,"href":"https:\/\/mol-en.icb.usp.br\/index.php\/wp-json\/wp\/v2\/pages\/8250\/revisions"}],"predecessor-version":[{"id":8662,"href":"https:\/\/mol-en.icb.usp.br\/index.php\/wp-json\/wp\/v2\/pages\/8250\/revisions\/8662"}],"wp:attachment":[{"href":"https:\/\/mol-en.icb.usp.br\/index.php\/wp-json\/wp\/v2\/media?parent=8250"}],"curies":[{"name":"wp","href":"https:\/\/api.w.org\/{rel}","templated":true}]}}