{"id":6788,"date":"2018-12-28T22:25:05","date_gmt":"2018-12-29T00:25:05","guid":{"rendered":"http:\/\/en-mol.icb.usp.br\/?page_id=6788"},"modified":"2018-12-29T15:39:47","modified_gmt":"2018-12-29T17:39:47","slug":"14-13-glandulas-endocrinas","status":"publish","type":"page","link":"https:\/\/mol-en.icb.usp.br\/index.php\/14-13-glandulas-endocrinas\/","title":{"rendered":"14-13 Gl\u00e2ndulas end\u00f3crinas"},"content":{"rendered":"<div class=\"su-row\">\n  <div class=\"su-column su-column-size-1-1\"><div class=\"su-column-inner su-u-clearfix su-u-trim\"> TIREOIDE &#8211; 2<\/div><\/div>\n<\/div>\n<div class=\"su-row\">\n  <div class=\"su-column su-column-size-1-2\"><div class=\"su-column-inner su-u-clearfix su-u-trim\"> Um aumento m\u00e9dio mostra grande quantidade de <strong>fol\u00edculos tireoidianos<\/strong>. Nem sempre \u00e9 f\u00e1cil distinguir um fol\u00edculo, pois eles se agrupam e suas paredes s\u00e3o adjacentes. Para observar alguns fol\u00edculos (ressaltados em azul claro) clique ou passe o cursor sobre a imagem.<br \/>\nOs di\u00e2metros dos fol\u00edculos observados em cortes histol\u00f3gicos dependem n\u00e3o somente do seu di\u00e2metro real como tamb\u00e9m de como cada fol\u00edculo foi seccionado. Veja  a explica\u00e7\u00e3o em <a href=\"https:\/\/mol-en.icb.usp.br\/index.php\/1-10-conceitos-basicos\/\" rel=\"noopener\" target=\"_blank\">INTERPRETANDO OBJETOS PRESENTES EM CORTES HISTOL\u00d3GICOS<\/a><\/p>\n<\/div><\/div>\n  <div class=\"su-column su-column-size-1-2\"><div class=\"su-column-inner su-u-clearfix su-u-trim\"> <\/p>\n<div onclick>\n<div class=\"image-container\">\n<div class=\"extra\">\n<a href=\"javascript:void(0)\"><img decoding=\"async\" src=\" https:\/\/mol-en.icb.usp.br\/wp-content\/uploads\/14-13.jpg \" onmouseover=\"this.src=' https:\/\/mol-en.icb.usp.br\/wp-content\/uploads\/14-13-MO.jpg'\" onmouseout=\"this.src=' https:\/\/mol-en.icb.usp.br\/wp-content\/uploads\/14-13.jpg'\" \/><\/a><\/div>\n<p>Tireoide. Colora\u00e7\u00e3o: hematoxilina e eosina. Aumento vista panor\u00e2mica.<\/p>\n<p><img decoding=\"async\" src=\"https:\/\/mol-en.icb.usp.br\/wp-content\/uploads\/mouse-1.gif\"\/><\/a><\/p>\n<div onclick=\"\"><strong>Tablets e telefones celulares:<\/strong><br \/>\nClique sobre a figura para acessar outra imagem. Clique fora da figura para voltar \u00e0 primeira imagem.<\/p>\n<p>Para navegar no MOL, use os links ACESSAR P\u00c1GINA ANTERIOR e ACESSAR P\u00c1GINA SEGUINTE situados abaixo da figura.<\/p>\n<p><strong>NAVEGA\u00c7\u00c3O NO MOL:<\/strong><\/p>\n<p><a href=\"https:\/\/mol-en.icb.usp.br\/index.php\/14-12-glandulas-endocrinas\/\">ACESSAR P\u00c1GINA ANTERIOR<\/a><\/p>\n<p><a href=\"https:\/\/mol-en.icb.usp.br\/index.php\/14-14-glandulas-endocrinas\/\">ACESSAR P\u00c1GINA SEGUINTE\n<\/div>\n<\/div>\n<\/div>\n<p><\/body><br \/>\n<\/html> <\/div><\/div>\n<\/div>\n<div class=\"su-row\">\n  <\/div>\n<div class=\"su-row\">\n  <\/div>\n<div class=\"su-row\">\n  <\/div>\n<div class=\"su-row\">\n  <\/div>\n","protected":false},"excerpt":{"rendered":"","protected":false},"author":2,"featured_media":0,"parent":0,"menu_order":0,"comment_status":"closed","ping_status":"closed","template":"","meta":{"footnotes":""},"class_list":["post-6788","page","type-page","status-publish","hentry"],"_links":{"self":[{"href":"https:\/\/mol-en.icb.usp.br\/index.php\/wp-json\/wp\/v2\/pages\/6788","targetHints":{"allow":["GET"]}}],"collection":[{"href":"https:\/\/mol-en.icb.usp.br\/index.php\/wp-json\/wp\/v2\/pages"}],"about":[{"href":"https:\/\/mol-en.icb.usp.br\/index.php\/wp-json\/wp\/v2\/types\/page"}],"author":[{"embeddable":true,"href":"https:\/\/mol-en.icb.usp.br\/index.php\/wp-json\/wp\/v2\/users\/2"}],"replies":[{"embeddable":true,"href":"https:\/\/mol-en.icb.usp.br\/index.php\/wp-json\/wp\/v2\/comments?post=6788"}],"version-history":[{"count":7,"href":"https:\/\/mol-en.icb.usp.br\/index.php\/wp-json\/wp\/v2\/pages\/6788\/revisions"}],"predecessor-version":[{"id":6796,"href":"https:\/\/mol-en.icb.usp.br\/index.php\/wp-json\/wp\/v2\/pages\/6788\/revisions\/6796"}],"wp:attachment":[{"href":"https:\/\/mol-en.icb.usp.br\/index.php\/wp-json\/wp\/v2\/media?parent=6788"}],"curies":[{"name":"wp","href":"https:\/\/api.w.org\/{rel}","templated":true}]}}