{"id":6745,"date":"2018-12-17T10:14:05","date_gmt":"2018-12-17T12:14:05","guid":{"rendered":"http:\/\/en-mol.icb.usp.br\/?page_id=6745"},"modified":"2018-12-23T15:45:10","modified_gmt":"2018-12-23T17:45:10","slug":"14-11-glandulas-endocrinas","status":"publish","type":"page","link":"https:\/\/mol-en.icb.usp.br\/index.php\/14-11-glandulas-endocrinas\/","title":{"rendered":"14-11 Gl\u00e2ndulas end\u00f3crinas"},"content":{"rendered":"<div class=\"su-row\">\n<div class=\"su-column su-column-size-1-1\"><div class=\"su-column-inner su-u-clearfix su-u-trim\"> <strong>GL\u00c2NDULAS SUPRARRENAIS \u2013 5 <\/strong><\/div><\/div>\n<\/div>\n<div class=\"su-row\">\n<div class=\"su-column su-column-size-1-2\"><div class=\"su-column-inner su-u-clearfix su-u-trim\">\nCamada medular<\/p>\n<p>Esta camada ocupa a regi\u00e3o central da gl\u00e2ndula. \u00c9 formada por <strong>cord\u00f5es celulares<\/strong> de espessura variada e dire\u00e7\u00f5es diversas em forma de rede e separados por <strong>capilares sangu\u00edneos<\/strong>. Estes s\u00e3o vistos como longos espa\u00e7os claros de forma irregular, entre os cord\u00f5es.<\/p>\n<\/div><\/div>\n<div class=\"su-column su-column-size-1-2\"><div class=\"su-column-inner su-u-clearfix su-u-trim\">\n<p><img decoding=\"async\" src=\" https:\/\/mol-en.icb.usp.br\/wp-content\/uploads\/14-11.jpg \" \/><\/p>\n<p>Gl\u00e2ndula suprarrenal. Colora\u00e7\u00e3o: Hematoxilina e eosina. Aumento: m\u00e9dio.<\/p>\n<p>Para navegar no MOL, use os links ACESSAR P\u00c1GINA ANTERIOR e ACESSAR P\u00c1GINA SEGUINTE situados abaixo da figura.<\/p>\n<p><strong>NAVEGA\u00c7\u00c3O NO MOL:<\/strong><\/p>\n<p><a href=\"https:\/\/mol-en.icb.usp.br\/index.php\/14-10-glandulas-endocrinas\/\">ACESSAR P\u00c1GINA ANTERIOR<\/a><\/p>\n<p><a href=\"https:\/\/mol-en.icb.usp.br\/index.php\/14-12-glandulas-endocrinas\/\">ACESSAR P\u00c1GINA SEGUINTE<br \/>\n<\/div><\/div>\n<\/div>\n","protected":false},"excerpt":{"rendered":"","protected":false},"author":2,"featured_media":0,"parent":0,"menu_order":0,"comment_status":"closed","ping_status":"closed","template":"","meta":{"footnotes":""},"class_list":["post-6745","page","type-page","status-publish","hentry"],"_links":{"self":[{"href":"https:\/\/mol-en.icb.usp.br\/index.php\/wp-json\/wp\/v2\/pages\/6745","targetHints":{"allow":["GET"]}}],"collection":[{"href":"https:\/\/mol-en.icb.usp.br\/index.php\/wp-json\/wp\/v2\/pages"}],"about":[{"href":"https:\/\/mol-en.icb.usp.br\/index.php\/wp-json\/wp\/v2\/types\/page"}],"author":[{"embeddable":true,"href":"https:\/\/mol-en.icb.usp.br\/index.php\/wp-json\/wp\/v2\/users\/2"}],"replies":[{"embeddable":true,"href":"https:\/\/mol-en.icb.usp.br\/index.php\/wp-json\/wp\/v2\/comments?post=6745"}],"version-history":[{"count":3,"href":"https:\/\/mol-en.icb.usp.br\/index.php\/wp-json\/wp\/v2\/pages\/6745\/revisions"}],"predecessor-version":[{"id":6764,"href":"https:\/\/mol-en.icb.usp.br\/index.php\/wp-json\/wp\/v2\/pages\/6745\/revisions\/6764"}],"wp:attachment":[{"href":"https:\/\/mol-en.icb.usp.br\/index.php\/wp-json\/wp\/v2\/media?parent=6745"}],"curies":[{"name":"wp","href":"https:\/\/api.w.org\/{rel}","templated":true}]}}