{"id":6691,"date":"2018-12-16T09:29:09","date_gmt":"2018-12-16T11:29:09","guid":{"rendered":"http:\/\/en-mol.icb.usp.br\/?page_id=6691"},"modified":"2019-03-21T16:35:14","modified_gmt":"2019-03-21T19:35:14","slug":"14-4-glandulas-endocrinas","status":"publish","type":"page","link":"https:\/\/mol-en.icb.usp.br\/index.php\/14-4-glandulas-endocrinas\/","title":{"rendered":"14-4 Gl\u00e2ndulas end\u00f3crinas"},"content":{"rendered":"<div class=\"su-row\">\n  <div class=\"su-column su-column-size-1-1\"><div class=\"su-column-inner su-u-clearfix su-u-trim\"> HIP\u00d3FISE \u2013 3 <\/div><\/div>\n<\/div>\n<div class=\"su-row\">\n  <div class=\"su-column su-column-size-1-2\"><div class=\"su-column-inner su-u-clearfix su-u-trim\"> <em>Pars distalis<\/em> (lobo anterior) da adeno-hip\u00f3fise<br \/>\nAs <strong>c\u00e9lulas acid\u00f3filas<\/strong> est\u00e3o coradas em vermelho e as <strong>c\u00e9lulas bas\u00f3filas<\/strong> em azul-acinzentado. Ap\u00f3s passar o cursor sobre a imagem ou clicar as acid\u00f3filas ficam ressaltadas em amarelo e as bas\u00f3filas em azul.<br \/>\nObserve tamb\u00e9m a grande quantidade de capilares sangu\u00edneos do tipo capilar sinusoide, entre os cord\u00f5es celulares, ressaltados em vermelho ap\u00f3s clicar.<\/p>\n<\/div><\/div>\n  <div class=\"su-column su-column-size-1-2\"><div class=\"su-column-inner su-u-clearfix su-u-trim\"> <\/p>\n<div onclick>\n<div class=\"image-container\">\n<div class=\"extra\">\n<a href=\"javascript:void(0)\"><img decoding=\"async\" src=\" https:\/\/mol-en.icb.usp.br\/wp-content\/uploads\/14-4.jpg \" onmouseover=\"this.src=' https:\/\/mol-en.icb.usp.br\/wp-content\/uploads\/14-4-MO.jpg'\" onmouseout=\"this.src=' https:\/\/mol-en.icb.usp.br\/wp-content\/uploads\/14-4.jpg'\" \/><\/a><\/div>\n<p>Cartilagem hialina. Colora\u00e7\u00e3o: hematoxilina cr\u00f4mica de Gomori + eosina. Aumento m\u00e9dio.<\/p>\n<p><img decoding=\"async\" src=\"https:\/\/mol-en.icb.usp.br\/wp-content\/uploads\/mouse-1.gif\"\/><\/a><\/p>\n<div onclick=\"\"><strong>Tablets e telefones celulares:<\/strong><br \/>\nClique sobre a figura para acessar outra imagem. Clique fora da figura para voltar \u00e0 primeira imagem.<\/p>\n<p>Para navegar no MOL, use os links ACESSAR P\u00c1GINA ANTERIOR e ACESSAR P\u00c1GINA SEGUINTE situados abaixo da figura.<\/p>\n<p><strong>NAVEGA\u00c7\u00c3O NO MOL:<\/strong><\/p>\n<p><a href=\"https:\/\/mol-en.icb.usp.br\/index.php\/14-3-glandulas-endocrinas\/\">ACESSAR P\u00c1GINA ANTERIOR<\/a><\/p>\n<p><a href=\"https:\/\/mol-en.icb.usp.br\/index.php\/14-5-glandulas-endocrinas\/\">ACESSAR P\u00c1GINA SEGUINTE<\/a>\n<\/div>\n<\/div>\n<\/div>\n<p><\/body><br \/>\n<\/html> <\/div><\/div>\n<\/div>\n<div class=\"su-row\">\n  <\/div>\n<div class=\"su-row\">\n  <\/div>\n<div class=\"su-row\">\n  <\/div>\n<div class=\"su-row\">\n  <\/div>\n","protected":false},"excerpt":{"rendered":"","protected":false},"author":2,"featured_media":0,"parent":0,"menu_order":0,"comment_status":"closed","ping_status":"closed","template":"","meta":{"footnotes":""},"class_list":["post-6691","page","type-page","status-publish","hentry"],"_links":{"self":[{"href":"https:\/\/mol-en.icb.usp.br\/index.php\/wp-json\/wp\/v2\/pages\/6691","targetHints":{"allow":["GET"]}}],"collection":[{"href":"https:\/\/mol-en.icb.usp.br\/index.php\/wp-json\/wp\/v2\/pages"}],"about":[{"href":"https:\/\/mol-en.icb.usp.br\/index.php\/wp-json\/wp\/v2\/types\/page"}],"author":[{"embeddable":true,"href":"https:\/\/mol-en.icb.usp.br\/index.php\/wp-json\/wp\/v2\/users\/2"}],"replies":[{"embeddable":true,"href":"https:\/\/mol-en.icb.usp.br\/index.php\/wp-json\/wp\/v2\/comments?post=6691"}],"version-history":[{"count":7,"href":"https:\/\/mol-en.icb.usp.br\/index.php\/wp-json\/wp\/v2\/pages\/6691\/revisions"}],"predecessor-version":[{"id":8117,"href":"https:\/\/mol-en.icb.usp.br\/index.php\/wp-json\/wp\/v2\/pages\/6691\/revisions\/8117"}],"wp:attachment":[{"href":"https:\/\/mol-en.icb.usp.br\/index.php\/wp-json\/wp\/v2\/media?parent=6691"}],"curies":[{"name":"wp","href":"https:\/\/api.w.org\/{rel}","templated":true}]}}