{"id":6688,"date":"2018-12-16T09:25:21","date_gmt":"2018-12-16T11:25:21","guid":{"rendered":"http:\/\/en-mol.icb.usp.br\/?page_id=6688"},"modified":"2019-03-21T16:31:26","modified_gmt":"2019-03-21T19:31:26","slug":"14-3-glandulas-endocrinas","status":"publish","type":"page","link":"https:\/\/mol-en.icb.usp.br\/index.php\/14-3-glandulas-endocrinas\/","title":{"rendered":"14-3 Gl\u00e2ndulas end\u00f3crinas"},"content":{"rendered":"<div class=\"su-row\">\n  <div class=\"su-column su-column-size-1-1\"><div class=\"su-column-inner su-u-clearfix su-u-trim\"> HIP\u00d3FISE \u2013 2 <\/div><\/div>\n<\/div>\n<div class=\"su-row\">\n  <div class=\"su-column su-column-size-1-2\"><div class=\"su-column-inner su-u-clearfix su-u-trim\"> <em>Pars distalis<\/em> (lobo anterior) da adeno-hip\u00f3fise<br \/>\nA <em>pars distalis<\/em> \u00e9 uma gl\u00e2ndula end\u00f3crina cordonal. Suas c\u00e9lulas se disp\u00f5em em cord\u00f5es de forma irregular, em torno dos quais h\u00e1 capilares sangu\u00edneos.<br \/>\nEm cortes preparados com colora\u00e7\u00f5es rotineiras \u00e9 poss\u00edvel distinguir dois tipos de c\u00e9lulas: <strong>acid\u00f3filas<\/strong> e <strong>bas\u00f3filas<\/strong>.<br \/>\nH\u00e1 v\u00e1rios subtipos de c\u00e9lulas acid\u00f3filas e bas\u00f3filas, que secretam diferentes horm\u00f4nios, por\u00e9m sua distin\u00e7\u00e3o em cortes somente pode ser feita pelo uso de t\u00e9cnicas especiais, como por exemplo a imuno-histoqu\u00edmica.<br \/>\nDe modo geral as c\u00e9lulas acid\u00f3filas se coram por corantes \u201c\u00e1cidos\u201d (p. ex.: eosina, floxina, Orange G) enquanto que as bas\u00f3filas se coram por corantes \u201cb\u00e1sicos\u201d ou com comportamento \u201cb\u00e1sico\u201d, p. ex: hematoxilina, hematoxilina cr\u00f4mica).<br \/>\nA imagem representa um aumento pequeno de uma regi\u00e3o da adeno-hip\u00f3fise.<br \/>\nObserve a rica vasculariza\u00e7\u00e3o do \u00f3rg\u00e3o, observ\u00e1vel em vermelho ap\u00f3s passar o cursor sobre a imagem ou clicar. Alguns cord\u00f5es celulares da gl\u00e2ndula est\u00e3o ressaltados ap\u00f3s clicar  <\/p>\n<\/div><\/div>\n  <div class=\"su-column su-column-size-1-2\"><div class=\"su-column-inner su-u-clearfix su-u-trim\"> <\/p>\n<div onclick>\n<div class=\"image-container\">\n<div class=\"extra\">\n<a href=\"javascript:void(0)\"><img decoding=\"async\" src=\" https:\/\/mol-en.icb.usp.br\/wp-content\/uploads\/14-3.jpg \" onmouseover=\"this.src=' https:\/\/mol-en.icb.usp.br\/wp-content\/uploads\/14-3-MO.jpg'\" onmouseout=\"this.src=' https:\/\/mol-en.icb.usp.br\/wp-content\/uploads\/14-3.jpg'\" \/><\/a><\/div>\n<p>Hip\u00f3fise. Colora\u00e7\u00e3o: hematoxilina e eosina. Aumento pequeno.<\/p>\n<p><img decoding=\"async\" src=\"https:\/\/mol-en.icb.usp.br\/wp-content\/uploads\/mouse-1.gif\"\/><\/a><\/p>\n<div onclick=\"\"><strong>Tablets e telefones celulares:<\/strong><br \/>\nClique sobre a figura para acessar outra imagem. Clique fora da figura para voltar \u00e0 primeira imagem.<\/p>\n<p>Para navegar no MOL, use os links ACESSAR P\u00c1GINA ANTERIOR e ACESSAR P\u00c1GINA SEGUINTE situados abaixo da figura.<\/p>\n<p><strong>NAVEGA\u00c7\u00c3O NO MOL:<\/strong><\/p>\n<p><a href=\"https:\/\/mol-en.icb.usp.br\/index.php\/14-2-glandulas-endocrinas\/\">ACESSAR P\u00c1GINA ANTERIOR<\/a><\/p>\n<p><a href=\"https:\/\/mol-en.icb.usp.br\/index.php\/14-4-glandulas-endocrinas\/\">ACESSAR P\u00c1GINA SEGUINTE<\/a>\n<\/div>\n<\/div>\n<\/div>\n<p><\/body><br \/>\n<\/html> <\/div><\/div>\n<\/div>\n<div class=\"su-row\">\n  <\/div>\n<div class=\"su-row\">\n  <\/div>\n<div class=\"su-row\">\n  <\/div>\n<div class=\"su-row\">\n  <\/div>\n","protected":false},"excerpt":{"rendered":"","protected":false},"author":2,"featured_media":0,"parent":0,"menu_order":0,"comment_status":"closed","ping_status":"closed","template":"","meta":{"footnotes":""},"class_list":["post-6688","page","type-page","status-publish","hentry"],"_links":{"self":[{"href":"https:\/\/mol-en.icb.usp.br\/index.php\/wp-json\/wp\/v2\/pages\/6688","targetHints":{"allow":["GET"]}}],"collection":[{"href":"https:\/\/mol-en.icb.usp.br\/index.php\/wp-json\/wp\/v2\/pages"}],"about":[{"href":"https:\/\/mol-en.icb.usp.br\/index.php\/wp-json\/wp\/v2\/types\/page"}],"author":[{"embeddable":true,"href":"https:\/\/mol-en.icb.usp.br\/index.php\/wp-json\/wp\/v2\/users\/2"}],"replies":[{"embeddable":true,"href":"https:\/\/mol-en.icb.usp.br\/index.php\/wp-json\/wp\/v2\/comments?post=6688"}],"version-history":[{"count":4,"href":"https:\/\/mol-en.icb.usp.br\/index.php\/wp-json\/wp\/v2\/pages\/6688\/revisions"}],"predecessor-version":[{"id":8112,"href":"https:\/\/mol-en.icb.usp.br\/index.php\/wp-json\/wp\/v2\/pages\/6688\/revisions\/8112"}],"wp:attachment":[{"href":"https:\/\/mol-en.icb.usp.br\/index.php\/wp-json\/wp\/v2\/media?parent=6688"}],"curies":[{"name":"wp","href":"https:\/\/api.w.org\/{rel}","templated":true}]}}