{"id":5291,"date":"2018-02-12T15:30:36","date_gmt":"2018-02-12T17:30:36","guid":{"rendered":"http:\/\/en-mol.icb.usp.br\/?page_id=5291"},"modified":"2018-03-24T21:28:43","modified_gmt":"2018-03-25T00:28:43","slug":"13-4-1-complexo-dentina-polpa","status":"publish","type":"page","link":"https:\/\/mol-en.icb.usp.br\/index.php\/13-4-1-complexo-dentina-polpa\/","title":{"rendered":"13-4-1 Complexo dentina-polpa"},"content":{"rendered":"<div class=\"su-row\">\n  <div class=\"su-column su-column-size-1-1\"><div class=\"su-column-inner su-u-clearfix su-u-trim\"> <strong>DENTINA E POLPA<\/strong> <\/div><\/div>\n<\/div>\n<div class=\"su-row\">\n  <div class=\"su-column su-column-size-1-2\"><div class=\"su-column-inner su-u-clearfix su-u-trim\"> <\/p>\n<div onclick>\n<div class=\"image-container\">\n<div class=\"extra\">\n<a href=\"javascript:void(0)\"><img decoding=\"async\" src=\" https:\/\/mol-en.icb.usp.br\/wp-content\/uploads\/13-4-1.jpg \" onmouseover=\"this.src=' https:\/\/mol-en.icb.usp.br\/wp-content\/uploads\/13-4-1-MO.jpg'\" onmouseout=\"this.src=' https:\/\/mol-en.icb.usp.br\/wp-content\/uploads\/13-4-1.jpg'\" \/><\/a><\/div>\n<p>Fase de coroa. Colora\u00e7\u00e3o: HE. Vista panor\u00e2mica.\n<\/p>\n<p><img decoding=\"async\" src=\"https:\/\/mol-en.icb.usp.br\/wp-content\/uploads\/mouse-1.gif\"\/><\/a><\/p>\n<div onclick=\"\">\nA <strong>dentina<\/strong> e a <strong>polpa<\/strong> se originam da papila dent\u00e1ria, tendo portando <strong>origem ectomesenquimal<\/strong>.<br \/>\nNa fase de camp\u00e2nula da odontog\u00eanese iniciam-se mudan\u00e7as na papila dent\u00e1ria; as c\u00e9lulas da periferia se diferenciam em odontoblastos e esses s\u00e3o os respons\u00e1veis pela deposi\u00e7\u00e3o de dentina por aposi\u00e7\u00e3o centr\u00edpeta.<\/p>\n<\/p>\n<p>Este m\u00f3dulo \u00e9 composto de 17 p\u00e1ginas.<\/p>\n<\/p>\n<p><strong>Tablets e telefones celulares:<\/strong><br \/>\nClique sobre a figura para acessar outra imagem. Clique fora da figura para voltar \u00e0 primeira imagem.<\/p>\n<p>Para navegar no MOL, use os links ACESSAR P\u00c1GINA ANTERIOR e ACESSAR P\u00c1GINA SEGUINTE situados abaixo da figura.<\/p>\n<p><strong>NAVEGA\u00c7\u00c3O NO MOL:<\/strong><\/p>\n<p><a href=\"https:\/\/mol-en.icb.usp.br\/index.php\/13-4-2-complexo-dentina-polpa\/\">ACESSAR P\u00c1GINA SEGUINTE<\/a>\n<\/div>\n<\/div>\n<\/div>\n<p><\/body><br \/>\n<\/html> <\/div><\/div>\n<\/div>\n","protected":false},"excerpt":{"rendered":"","protected":false},"author":2,"featured_media":0,"parent":0,"menu_order":0,"comment_status":"closed","ping_status":"closed","template":"","meta":{"footnotes":""},"class_list":["post-5291","page","type-page","status-publish","hentry"],"_links":{"self":[{"href":"https:\/\/mol-en.icb.usp.br\/index.php\/wp-json\/wp\/v2\/pages\/5291","targetHints":{"allow":["GET"]}}],"collection":[{"href":"https:\/\/mol-en.icb.usp.br\/index.php\/wp-json\/wp\/v2\/pages"}],"about":[{"href":"https:\/\/mol-en.icb.usp.br\/index.php\/wp-json\/wp\/v2\/types\/page"}],"author":[{"embeddable":true,"href":"https:\/\/mol-en.icb.usp.br\/index.php\/wp-json\/wp\/v2\/users\/2"}],"replies":[{"embeddable":true,"href":"https:\/\/mol-en.icb.usp.br\/index.php\/wp-json\/wp\/v2\/comments?post=5291"}],"version-history":[{"count":4,"href":"https:\/\/mol-en.icb.usp.br\/index.php\/wp-json\/wp\/v2\/pages\/5291\/revisions"}],"predecessor-version":[{"id":6465,"href":"https:\/\/mol-en.icb.usp.br\/index.php\/wp-json\/wp\/v2\/pages\/5291\/revisions\/6465"}],"wp:attachment":[{"href":"https:\/\/mol-en.icb.usp.br\/index.php\/wp-json\/wp\/v2\/media?parent=5291"}],"curies":[{"name":"wp","href":"https:\/\/api.w.org\/{rel}","templated":true}]}}