{"id":4745,"date":"2018-01-16T16:34:42","date_gmt":"2018-01-16T18:34:42","guid":{"rendered":"http:\/\/en-mol.icb.usp.br\/?page_id=4745"},"modified":"2018-03-15T11:56:06","modified_gmt":"2018-03-15T14:56:06","slug":"12-22-orgaos-linfoides","status":"publish","type":"page","link":"https:\/\/mol-en.icb.usp.br\/index.php\/12-22-orgaos-linfoides\/","title":{"rendered":"12-22 \u00d3rg\u00e3os linfoides"},"content":{"rendered":"<div class=\"su-row\">\n<div class=\"su-column su-column-size-1-1\"><div class=\"su-column-inner su-u-clearfix su-u-trim\"><strong>BA\u00c7O- 3<\/strong><\/div><\/div>\n<\/div>\n<div class=\"su-row\">\n<div class=\"su-column su-column-size-1-2\"><div class=\"su-column-inner su-u-clearfix su-u-trim\">\nO <strong>estroma<\/strong> do ba\u00e7o \u00e9 muito importante para manter o \u00f3rg\u00e3o estruturalmente.<br \/>\n\u00c9 constitu\u00eddo pela sua <strong>c\u00e1psula<\/strong> (ressaltada em verde claro), por in\u00fameros prolongamentos da c\u00e1psula chamados <strong>septos de tecido conjuntivo<\/strong> (ressaltados em verde escuro)> Al\u00e9m disso h\u00e1  uma extensa rede de fibras reticulares em todo o \u00f3rg\u00e3o, em cujas malhas se situam as c\u00e9lulas do ba\u00e7o (estas fibras n\u00e3o s\u00e3o observadas em colora\u00e7\u00f5es rotineiras).<br \/>\nO restante do corte constitui o par\u00eanquima do \u00f3rg\u00e3o.<br \/>\n<a href=\"https:\/\/mol-en.icb.usp.br\/index.php\/4-12-tecido-conjuntivo\/\" rel=\"noopener\" target=\"_blank\">Clique para rever fibras reticulares.<\/a><br \/>\n<\/div><\/div>\n<div class=\"su-column su-column-size-1-2\"><div class=\"su-column-inner su-u-clearfix su-u-trim\">\n<div>\n<div class=\"image-container\">\n<a href=\"javascript:void(0)\"><img decoding=\"async\" src=\" https:\/\/mol-en.icb.usp.br\/wp-content\/uploads\/12-22.jpg \" onmouseover=\"this.src=' https:\/\/mol-en.icb.usp.br\/wp-content\/uploads\/12-22-MO.jpg'\" onmouseout=\"this.src=' https:\/\/mol-en.icb.usp.br\/wp-content\/uploads\/12-22.jpg'\" \/><\/a><\/div>\n<p>Ba\u00e7o. Colora\u00e7\u00e3o: HE. Aumento pequeno.<\/p>\n<p><img decoding=\"async\" src=\"https:\/\/mol-en.icb.usp.br\/wp-content\/uploads\/mouse-1.gif\" \/><\/p>\n<div>\n<p><strong>NAVEGA\u00c7\u00c3O NO MOL:<\/strong><\/p>\n<\/p>\n<p><a href=\"https:\/\/mol-en.icb.usp.br\/index.php\/12-21-orgaos-linfoides\/\" rel=\"noopener\" target=\"_blank\">ACESSAR P\u00c1GINA ANTERIOR<\/a><\/p>\n<p><a href=\"https:\/\/mol-en.icb.usp.br\/index.php\/12-23-orgaos-linfoides\/\">ACESSAR P\u00c1GINA SEGUINTE<\/a><\/p>\n<\/div>\n<\/div>\n<\/div>\n<\/div><\/div>\n<\/div>\n","protected":false},"excerpt":{"rendered":"","protected":false},"author":2,"featured_media":0,"parent":0,"menu_order":0,"comment_status":"closed","ping_status":"closed","template":"","meta":{"footnotes":""},"class_list":["post-4745","page","type-page","status-publish","hentry"],"_links":{"self":[{"href":"https:\/\/mol-en.icb.usp.br\/index.php\/wp-json\/wp\/v2\/pages\/4745","targetHints":{"allow":["GET"]}}],"collection":[{"href":"https:\/\/mol-en.icb.usp.br\/index.php\/wp-json\/wp\/v2\/pages"}],"about":[{"href":"https:\/\/mol-en.icb.usp.br\/index.php\/wp-json\/wp\/v2\/types\/page"}],"author":[{"embeddable":true,"href":"https:\/\/mol-en.icb.usp.br\/index.php\/wp-json\/wp\/v2\/users\/2"}],"replies":[{"embeddable":true,"href":"https:\/\/mol-en.icb.usp.br\/index.php\/wp-json\/wp\/v2\/comments?post=4745"}],"version-history":[{"count":4,"href":"https:\/\/mol-en.icb.usp.br\/index.php\/wp-json\/wp\/v2\/pages\/4745\/revisions"}],"predecessor-version":[{"id":6107,"href":"https:\/\/mol-en.icb.usp.br\/index.php\/wp-json\/wp\/v2\/pages\/4745\/revisions\/6107"}],"wp:attachment":[{"href":"https:\/\/mol-en.icb.usp.br\/index.php\/wp-json\/wp\/v2\/media?parent=4745"}],"curies":[{"name":"wp","href":"https:\/\/api.w.org\/{rel}","templated":true}]}}