{"id":4744,"date":"2018-01-16T16:09:03","date_gmt":"2018-01-16T18:09:03","guid":{"rendered":"http:\/\/en-mol.icb.usp.br\/?page_id=4744"},"modified":"2018-01-16T16:35:31","modified_gmt":"2018-01-16T18:35:31","slug":"12-21-orgaos-linfoides","status":"publish","type":"page","link":"https:\/\/mol-en.icb.usp.br\/index.php\/12-21-orgaos-linfoides\/","title":{"rendered":"12-21 \u00d3rg\u00e3os linfoides"},"content":{"rendered":"<div class=\"su-row\">\n<div class=\"su-column su-column-size-1-1\"><div class=\"su-column-inner su-u-clearfix su-u-trim\"><strong>BA\u00c7O- 2<\/strong><\/div><\/div>\n<\/div>\n<div class=\"su-row\">\n<div class=\"su-column su-column-size-1-2\"><div class=\"su-column-inner su-u-clearfix su-u-trim\">\nA imagem apresenta uma vista panor\u00e2mica de um corte de ba\u00e7o. \u00c0 primeira vista chamam a aten\u00e7\u00e3o os fol\u00edculos linfoides dispersos pelo \u00f3rg\u00e3o.<br \/>\nColoque o cursor ou clique sobre a figura para observar a <strong>c\u00e1psula de tecido conjuntivo<\/strong> que envolve o \u00f3rg\u00e3o \u2013 destacada em verde claro.<br \/>\nNo interior do ba\u00e7o destacam\u2013se:<br \/>\n&#8211;  <strong>fol\u00edculos linfoides<\/strong> (em azul);<br \/>\n&#8211;  <strong>vasos sangu\u00edneos calibrosos no interior de trab\u00e9culas de tecido conjuntivo<\/strong> (em vermelho).<br \/>\nMais adiante ser\u00e1 mostrada a import\u00e2ncia dos vasos sangu\u00edneos do ba\u00e7o para a organiza\u00e7\u00e3o e a funcionalidade do \u00f3rg\u00e3o.<\/p>\n<\/div><\/div>\n<div class=\"su-column su-column-size-1-2\"><div class=\"su-column-inner su-u-clearfix su-u-trim\">\n<div>\n<div class=\"image-container\">\n<a href=\"javascript:void(0)\"><img decoding=\"async\" src=\" https:\/\/mol-en.icb.usp.br\/wp-content\/uploads\/12-21.jpg \" onmouseover=\"this.src=' https:\/\/mol-en.icb.usp.br\/wp-content\/uploads\/12-21-MO.jpg'\" onmouseout=\"this.src=' https:\/\/mol-en.icb.usp.br\/wp-content\/uploads\/12-21.jpg'\" \/><\/a><\/div>\n<p>Ba\u00e7o. Colora\u00e7\u00e3o: HE. Vista panor\u00e2mica.<\/p>\n<p><img decoding=\"async\" src=\"https:\/\/mol-en.icb.usp.br\/wp-content\/uploads\/mouse-1.gif\" \/><\/p>\n<div>\n<p><strong>NAVEGA\u00c7\u00c3O NO MOL:<\/strong><\/p>\n<\/p>\n<p><a href=\"https:\/\/mol-en.icb.usp.br\/index.php\/12-20-orgaos-linfoides\/\">ACESSAR P\u00c1GINA ANTERIOR<\/a><\/p>\n<p><a href=\"https:\/\/mol-en.icb.usp.br\/index.php\/12-22-orgaos-linfoides\/\">ACESSAR P\u00c1GINA SEGUINTE<\/a><\/p>\n<\/div>\n<\/div>\n<\/div>\n<\/div><\/div>\n<\/div>\n","protected":false},"excerpt":{"rendered":"","protected":false},"author":2,"featured_media":0,"parent":0,"menu_order":0,"comment_status":"closed","ping_status":"closed","template":"","meta":{"footnotes":""},"class_list":["post-4744","page","type-page","status-publish","hentry"],"_links":{"self":[{"href":"https:\/\/mol-en.icb.usp.br\/index.php\/wp-json\/wp\/v2\/pages\/4744","targetHints":{"allow":["GET"]}}],"collection":[{"href":"https:\/\/mol-en.icb.usp.br\/index.php\/wp-json\/wp\/v2\/pages"}],"about":[{"href":"https:\/\/mol-en.icb.usp.br\/index.php\/wp-json\/wp\/v2\/types\/page"}],"author":[{"embeddable":true,"href":"https:\/\/mol-en.icb.usp.br\/index.php\/wp-json\/wp\/v2\/users\/2"}],"replies":[{"embeddable":true,"href":"https:\/\/mol-en.icb.usp.br\/index.php\/wp-json\/wp\/v2\/comments?post=4744"}],"version-history":[{"count":4,"href":"https:\/\/mol-en.icb.usp.br\/index.php\/wp-json\/wp\/v2\/pages\/4744\/revisions"}],"predecessor-version":[{"id":4757,"href":"https:\/\/mol-en.icb.usp.br\/index.php\/wp-json\/wp\/v2\/pages\/4744\/revisions\/4757"}],"wp:attachment":[{"href":"https:\/\/mol-en.icb.usp.br\/index.php\/wp-json\/wp\/v2\/media?parent=4744"}],"curies":[{"name":"wp","href":"https:\/\/api.w.org\/{rel}","templated":true}]}}