{"id":4703,"date":"2018-01-16T15:52:36","date_gmt":"2018-01-16T17:52:36","guid":{"rendered":"http:\/\/en-mol.icb.usp.br\/?page_id=4703"},"modified":"2018-01-16T16:26:59","modified_gmt":"2018-01-16T18:26:59","slug":"12-20-orgaos-linfoides","status":"publish","type":"page","link":"https:\/\/mol-en.icb.usp.br\/index.php\/12-20-orgaos-linfoides\/","title":{"rendered":"12-20 \u00d3rg\u00e3os linfoides"},"content":{"rendered":"<div class=\"su-row\">\n<div class=\"su-column su-column-size-1-1\"><div class=\"su-column-inner su-u-clearfix su-u-trim\"><strong>BA\u00c7O- 1<\/strong><\/div><\/div>\n<\/div>\n<div class=\"su-row\">\n<div class=\"su-column su-column-size-1-2\"><div class=\"su-column-inner su-u-clearfix su-u-trim\">\nComponentes do ba\u00e7o<br \/>\nO ba\u00e7o \u00e9 um \u00f3rg\u00e3o alongado com formato geral triangular.<br \/>\nPossui em uma das suas faces um <strong>hilo<\/strong> por onde entram e saem os vasos sangu\u00edneos que irrigam o \u00f3rg\u00e3o.<br \/>\nO ba\u00e7o \u00e9 revestido por uma <strong>c\u00e1psula de tecido conjuntivo denso<\/strong>.<\/p>\n<p>Passe o cursor ou clique sobre a imagem para obter uma vis\u00e3o inicial de um corte de ba\u00e7o &#8211; na figura est\u00e3o representados alguns dos seus componentes: <strong>fol\u00edculos linfoides<\/strong> e <strong>trab\u00e9culas de tecido conjuntivo<\/strong> (em vermelho).<br \/>\nO ba\u00e7o possui muitos fol\u00edculos linfoides, por\u00e9m diferente dos linfonodos em que os n\u00f3dulos se acumulam na zona cortical da periferia do \u00f3rg\u00e3o, no ba\u00e7o estes n\u00f3dulos est\u00e3o espalhados por todo o \u00f3rg\u00e3o.<br \/>\nObserve tamb\u00e9m que o tecido conjuntivo da c\u00e1psula se prolonga para o interior do \u00f3rg\u00e3o (como nos linfonodos), originando <strong>trab\u00e9culas de tecido conjuntivo<\/strong>.<br \/>\nA c\u00e1psula, as trab\u00e9culas e uma extensa rede de fibras reticulares do tecido conjuntivo comp\u00f5em o <strong>estroma<\/strong> do \u00f3rg\u00e3o, um &#8220;esqueleto&#8221; que mant\u00e9m a estrutura do ba\u00e7o, pois a grande maioria de suas c\u00e9lulas s\u00e3o isoladas e migrat\u00f3rias.<br \/>\nO <strong>par\u00eanquima<\/strong> do \u00f3rg\u00e3o \u00e9 o seu tecido funcional. Como todo \u00f3rg\u00e3o linfoide, no ba\u00e7o predominam os <strong>linf\u00f3citos<\/strong>. O par\u00eanquima do \u00f3rg\u00e3o \u00e9 dividido em duas categorias: <strong>polpa branca<\/strong> e <strong>polpa vermelha<\/strong>, denomina\u00e7\u00f5es que derivam do aspecto macrosc\u00f3pico de um corte do \u00f3rg\u00e3o a fresco.<\/p>\n<\/div><\/div>\n<div class=\"su-column su-column-size-1-2\"><div class=\"su-column-inner su-u-clearfix su-u-trim\">\n<div>\n<div class=\"image-container\">\n<a href=\"javascript:void(0)\"><img decoding=\"async\" src=\" https:\/\/mol-en.icb.usp.br\/wp-content\/uploads\/12-20.jpg \" onmouseover=\"this.src=' https:\/\/mol-en.icb.usp.br\/wp-content\/uploads\/12-20-MO.jpg'\" onmouseout=\"this.src=' https:\/\/mol-en.icb.usp.br\/wp-content\/uploads\/12-20.jpg'\" \/><\/a><\/div>\n<p><img decoding=\"async\" src=\"https:\/\/mol-en.icb.usp.br\/wp-content\/uploads\/mouse-1.gif\" \/><\/p>\n<div>\n<p><strong>NAVEGA\u00c7\u00c3O NO MOL:<\/strong><\/p>\n<\/p>\n<p><a href=\"https:\/\/mol-en.icb.usp.br\/index.php\/12-19-orgaos-linfoides\/\">ACESSAR P\u00c1GINA ANTERIOR<\/a><\/p>\n<p><a href=\"https:\/\/mol-en.icb.usp.br\/index.php\/12-21-orgaos-linfoides\/\">ACESSAR P\u00c1GINA SEGUINTE<\/a><\/p>\n<\/div>\n<\/div>\n<\/div>\n<\/div><\/div>\n<\/div>\n","protected":false},"excerpt":{"rendered":"","protected":false},"author":2,"featured_media":0,"parent":0,"menu_order":0,"comment_status":"closed","ping_status":"closed","template":"","meta":{"footnotes":""},"class_list":["post-4703","page","type-page","status-publish","hentry"],"_links":{"self":[{"href":"https:\/\/mol-en.icb.usp.br\/index.php\/wp-json\/wp\/v2\/pages\/4703","targetHints":{"allow":["GET"]}}],"collection":[{"href":"https:\/\/mol-en.icb.usp.br\/index.php\/wp-json\/wp\/v2\/pages"}],"about":[{"href":"https:\/\/mol-en.icb.usp.br\/index.php\/wp-json\/wp\/v2\/types\/page"}],"author":[{"embeddable":true,"href":"https:\/\/mol-en.icb.usp.br\/index.php\/wp-json\/wp\/v2\/users\/2"}],"replies":[{"embeddable":true,"href":"https:\/\/mol-en.icb.usp.br\/index.php\/wp-json\/wp\/v2\/comments?post=4703"}],"version-history":[{"count":7,"href":"https:\/\/mol-en.icb.usp.br\/index.php\/wp-json\/wp\/v2\/pages\/4703\/revisions"}],"predecessor-version":[{"id":4751,"href":"https:\/\/mol-en.icb.usp.br\/index.php\/wp-json\/wp\/v2\/pages\/4703\/revisions\/4751"}],"wp:attachment":[{"href":"https:\/\/mol-en.icb.usp.br\/index.php\/wp-json\/wp\/v2\/media?parent=4703"}],"curies":[{"name":"wp","href":"https:\/\/api.w.org\/{rel}","templated":true}]}}