{"id":4619,"date":"2018-01-16T12:22:46","date_gmt":"2018-01-16T14:22:46","guid":{"rendered":"http:\/\/en-mol.icb.usp.br\/?page_id=4619"},"modified":"2018-01-16T12:40:26","modified_gmt":"2018-01-16T14:40:26","slug":"12-9-orgaos-linfoides","status":"publish","type":"page","link":"https:\/\/mol-en.icb.usp.br\/index.php\/12-9-orgaos-linfoides\/","title":{"rendered":"12-9 \u00d3rg\u00e3os linfoides"},"content":{"rendered":"<div class=\"su-row\">\n<div class=\"su-column su-column-size-1-1\"><div class=\"su-column-inner su-u-clearfix su-u-trim\"><strong>LINFONODO &#8211; 3<\/strong><\/div><\/div>\n<\/div>\n<div class=\"su-row\">\n<div class=\"su-column su-column-size-1-2\"><div class=\"su-column-inner su-u-clearfix su-u-trim\">\nPequeno aumento de uma imagem de outro corte de linfonodo.<br \/>\nEst\u00e3o destacados a <strong>c\u00e1psula<\/strong> e a <strong>regi\u00e3o cortical<\/strong> do \u00f3rg\u00e3o.<br \/>\nObserve n\u00f3dulos linfoides com centros germinativos (CG).<br \/>\nO limite entre cortical superficial e cortical profunda ou paracortical tem finalidade did\u00e1tica e n\u00e3o \u00e9 preciso.<br \/>\nNote que a estrutura da <strong>regi\u00e3o medular<\/strong> \u00e9 bastante diferente da regi\u00e3o cortical.<\/p>\n<\/div><\/div>\n<div class=\"su-column su-column-size-1-2\"><div class=\"su-column-inner su-u-clearfix su-u-trim\">\n<img decoding=\"async\" src=\" https:\/\/mol-en.icb.usp.br\/wp-content\/uploads\/12-9-A.jpg \" \/><\/p>\n<div class=\"image-container\">\n<a href=\"javascript:void(0)\"><img decoding=\"async\" src=\" https:\/\/mol-en.icb.usp.br\/wp-content\/uploads\/12-9-B.jpg \" onmouseover=\"this.src=' https:\/\/mol-en.icb.usp.br\/wp-content\/uploads\/12-9-B-MO.jpg'\" onmouseout=\"this.src=' https:\/\/mol-en.icb.usp.br\/wp-content\/uploads\/12-9-B.jpg'\" \/><\/a><\/div>\n<p>Linfonodo. Colora\u00e7\u00e3o: HE. Aumento pequeno.<\/p>\n<p><img decoding=\"async\" src=\"https:\/\/mol-en.icb.usp.br\/wp-content\/uploads\/mouse-1.gif\" \/><\/p>\n<div>\n<p><strong>NAVEGA\u00c7\u00c3O NO MOL:<\/strong><\/p>\n<\/p>\n<p><a href=\"https:\/\/mol-en.icb.usp.br\/index.php\/12-8-orgaos-linfoides\/\">ACESSAR P\u00c1GINA ANTERIOR<\/a><\/p>\n<p><a href=\"https:\/\/mol-en.icb.usp.br\/index.php\/12-10-orgaos-linfoides\/\">ACESSAR P\u00c1GINA SEGUINTE<\/a><\/p>\n<\/div>\n<\/div>\n<\/div>\n<\/div><\/div>\n<\/div>\n","protected":false},"excerpt":{"rendered":"","protected":false},"author":2,"featured_media":0,"parent":0,"menu_order":0,"comment_status":"closed","ping_status":"closed","template":"","meta":{"footnotes":""},"class_list":["post-4619","page","type-page","status-publish","hentry"],"_links":{"self":[{"href":"https:\/\/mol-en.icb.usp.br\/index.php\/wp-json\/wp\/v2\/pages\/4619","targetHints":{"allow":["GET"]}}],"collection":[{"href":"https:\/\/mol-en.icb.usp.br\/index.php\/wp-json\/wp\/v2\/pages"}],"about":[{"href":"https:\/\/mol-en.icb.usp.br\/index.php\/wp-json\/wp\/v2\/types\/page"}],"author":[{"embeddable":true,"href":"https:\/\/mol-en.icb.usp.br\/index.php\/wp-json\/wp\/v2\/users\/2"}],"replies":[{"embeddable":true,"href":"https:\/\/mol-en.icb.usp.br\/index.php\/wp-json\/wp\/v2\/comments?post=4619"}],"version-history":[{"count":9,"href":"https:\/\/mol-en.icb.usp.br\/index.php\/wp-json\/wp\/v2\/pages\/4619\/revisions"}],"predecessor-version":[{"id":4637,"href":"https:\/\/mol-en.icb.usp.br\/index.php\/wp-json\/wp\/v2\/pages\/4619\/revisions\/4637"}],"wp:attachment":[{"href":"https:\/\/mol-en.icb.usp.br\/index.php\/wp-json\/wp\/v2\/media?parent=4619"}],"curies":[{"name":"wp","href":"https:\/\/api.w.org\/{rel}","templated":true}]}}