{"id":4475,"date":"2018-01-10T17:23:55","date_gmt":"2018-01-10T19:23:55","guid":{"rendered":"http:\/\/en-mol.icb.usp.br\/?page_id=4475"},"modified":"2018-03-14T17:14:43","modified_gmt":"2018-03-14T20:14:43","slug":"11-26-sistema-circulatorio","status":"publish","type":"page","link":"https:\/\/mol-en.icb.usp.br\/index.php\/11-26-sistema-circulatorio\/","title":{"rendered":"11-26 Sistema circulat\u00f3rio"},"content":{"rendered":"<p><strong>CORA\u00c7\u00c3O <\/strong><\/p>\n<p>O cora\u00e7\u00e3o come\u00e7a a ser formado no in\u00edcio da vida embrion\u00e1ria, no fim da terceira semana de gesta\u00e7\u00e3o. No fim da quarta semana de gesta\u00e7\u00e3o j\u00e1 apresenta batimentos r\u00edtmicos. Forma-se a partir de um vaso sangu\u00edneo primitivo (tubo card\u00edaco) que se dobra e se retorce e por fim origina as quatro cavidades do cora\u00e7\u00e3o.<\/p>\n<p>Pelo fato de ser formado originalmente de um vaso sangu\u00edneo, o cora\u00e7\u00e3o tamb\u00e9m \u00e9 constitu\u00eddo de tr\u00eas t\u00fanicas, equivalentes \u00e0s t\u00fanicas dos vasos sangu\u00edneos. S\u00e3o denominadas: epic\u00e1rdio, mioc\u00e1rdio e endoc\u00e1rdio.<\/p>\n<p>1 &#8211; O <strong>epic\u00e1rdio<\/strong> \u00e9 a camada mais externa.<br \/>\n2 &#8211; O <strong>mioc\u00e1rdio<\/strong> \u00e9 a camada mais espessa e \u00e9 constitu\u00eddo de tecido muscular estriado card\u00edaco; corresponde \u00e0 t\u00fanica m\u00e9dia dos vasos. As fibras musculares se disp\u00f5em em feixes de diferentes espessuras e dire\u00e7\u00f5es.<br \/>\n3 &#8211; O <strong>endoc\u00e1rdio<\/strong> \u00e9 a camada mais interna, semelhante em sua constitui\u00e7\u00e3o \u00e0 <strong>camada \u00edntima<\/strong> dos vasos sangu\u00edneos, por\u00e9m sem a l\u00e2mina el\u00e1stica interna entre o endoc\u00e1rdio e o mioc\u00e1rdio. Sua superf\u00edcie livre recobre o l\u00famen card\u00edaco.<br \/>\nEntre o epic\u00e1rdio e o mioc\u00e1rdio h\u00e1 geralmente uma <strong>camada subepic\u00e1rdica<\/strong> de espessura vari\u00e1vel formada por tecido adiposo unilocular, nervos e vasos sangu\u00edneos e linf\u00e1ticos.<\/p>\n<p><strong>NAVEGA\u00c7\u00c3O NO MOL:<\/strong><\/p>\n<p><a href=\"https:\/\/mol-en.icb.usp.br\/index.php\/11-25-sistema-circulatorio\/\">ACESSAR P\u00c1GINA ANTERIOR<\/a><\/p>\n<p><a href=\"https:\/\/mol-en.icb.usp.br\/index.php\/11-27-sistema-circulatorio\/\">ACESSAR P\u00c1GINA SEGUINTE<\/a><\/p>\n","protected":false},"excerpt":{"rendered":"<p>CORA\u00c7\u00c3O O cora\u00e7\u00e3o come\u00e7a a ser formado no in\u00edcio da vida embrion\u00e1ria, no fim da terceira semana de gesta\u00e7\u00e3o. No fim da quarta semana de gesta\u00e7\u00e3o j\u00e1 apresenta batimentos r\u00edtmicos. Forma-se a partir de um vaso sangu\u00edneo primitivo (tubo card\u00edaco) que se dobra e se retorce e por fim origina as quatro cavidades do cora\u00e7\u00e3o. [&hellip;]<\/p>\n","protected":false},"author":2,"featured_media":0,"parent":0,"menu_order":0,"comment_status":"closed","ping_status":"closed","template":"","meta":{"footnotes":""},"class_list":["post-4475","page","type-page","status-publish","hentry"],"_links":{"self":[{"href":"https:\/\/mol-en.icb.usp.br\/index.php\/wp-json\/wp\/v2\/pages\/4475","targetHints":{"allow":["GET"]}}],"collection":[{"href":"https:\/\/mol-en.icb.usp.br\/index.php\/wp-json\/wp\/v2\/pages"}],"about":[{"href":"https:\/\/mol-en.icb.usp.br\/index.php\/wp-json\/wp\/v2\/types\/page"}],"author":[{"embeddable":true,"href":"https:\/\/mol-en.icb.usp.br\/index.php\/wp-json\/wp\/v2\/users\/2"}],"replies":[{"embeddable":true,"href":"https:\/\/mol-en.icb.usp.br\/index.php\/wp-json\/wp\/v2\/comments?post=4475"}],"version-history":[{"count":4,"href":"https:\/\/mol-en.icb.usp.br\/index.php\/wp-json\/wp\/v2\/pages\/4475\/revisions"}],"predecessor-version":[{"id":6084,"href":"https:\/\/mol-en.icb.usp.br\/index.php\/wp-json\/wp\/v2\/pages\/4475\/revisions\/6084"}],"wp:attachment":[{"href":"https:\/\/mol-en.icb.usp.br\/index.php\/wp-json\/wp\/v2\/media?parent=4475"}],"curies":[{"name":"wp","href":"https:\/\/api.w.org\/{rel}","templated":true}]}}