{"id":4467,"date":"2018-01-10T17:14:23","date_gmt":"2018-01-10T19:14:23","guid":{"rendered":"http:\/\/en-mol.icb.usp.br\/?page_id=4467"},"modified":"2018-03-14T17:13:12","modified_gmt":"2018-03-14T20:13:12","slug":"11-24-sistema-circulatorio","status":"publish","type":"page","link":"https:\/\/mol-en.icb.usp.br\/index.php\/11-24-sistema-circulatorio\/","title":{"rendered":"11-24 Sistema circulat\u00f3rio"},"content":{"rendered":"<div class=\"su-row\">\n  <div class=\"su-column su-column-size-1-1\"><div class=\"su-column-inner su-u-clearfix su-u-trim\"> <strong>VASOS LINF\u00c1TICOS \u2013 2 <\/strong><\/div><\/div>\n<\/div>\n<div class=\"su-row\">\n  <div class=\"su-column su-column-size-1-2\"><div class=\"su-column-inner su-u-clearfix su-u-trim\"> <\/p>\n<p>A figura apresenta um vaso linf\u00e1tico situado no interior de tecido adiposo.<br \/>\nTrata-se de um aumento muito pequeno (vista panor\u00e2mica) de modo que se pode avaliar que \u00e9 um vaso de grandes dimens\u00f5es. Compare o seu tamanho com os dois vasos sangu\u00edneos de pequeno calibre (provavelmente art\u00e9rias) apontadas por setas vermelhas.<br \/>\nEntre estes dois pequenos vasos h\u00e1 uma estrutura que parece ser um pequeno vaso linf\u00e1tico (seta azul).<br \/>\nO grande vaso linf\u00e1tico apresenta:<br \/>\n1 &#8211; uma <strong>parede desproporcionalmente delgada<\/strong>, relativamente ao seu calibre e ao l\u00famen.<br \/>\n2 \u2013 <strong>conte\u00fado cor de rosa, homog\u00eaneo<\/strong>, \u201cliso\u201d.<br \/>\n3 &#8211; uma ou duas v\u00e1lvulas no seu interior (setas verdes).<br \/>\n4 \u2013 h\u00e1 pequenos vasos linf\u00e1ticos (setas laranja) que parecem estar confluindo no vaso maior.<\/p>\n<\/div><\/div>\n  <div class=\"su-column su-column-size-1-2\"><div class=\"su-column-inner su-u-clearfix su-u-trim\"> <\/p>\n<p><img decoding=\"async\" src=\" https:\/\/mol-en.icb.usp.br\/wp-content\/uploads\/11-24.jpg \" \/><\/a><\/p>\n<p>Vaso linf\u00e1tico. Colora\u00e7\u00e3o: HE. Aumento:vistapanor\u00e2mica.<\/p>\n<p>Para navegar no MOL, use os links ACESSAR P\u00c1GINA ANTERIOR e ACESSAR P\u00c1GINA SEGUINTE situados abaixo da figura.<\/p>\n<p><strong>NAVEGA\u00c7\u00c3O NO MOL:<\/strong><\/p>\n<p><a href=\"https:\/\/mol-en.icb.usp.br\/index.php\/11-23-sistema-circulatorio\/\">ACESSAR P\u00c1GINA ANTERIOR<\/a><\/p>\n<p><a href=\"https:\/\/mol-en.icb.usp.br\/index.php\/11-25-sistema-circulatorio\/\">ACESSAR P\u00c1GINA SEGUINTE<\/a><br \/>\n<\/div><\/div>\n<\/div>\n","protected":false},"excerpt":{"rendered":"","protected":false},"author":2,"featured_media":0,"parent":0,"menu_order":0,"comment_status":"closed","ping_status":"closed","template":"","meta":{"footnotes":""},"class_list":["post-4467","page","type-page","status-publish","hentry"],"_links":{"self":[{"href":"https:\/\/mol-en.icb.usp.br\/index.php\/wp-json\/wp\/v2\/pages\/4467","targetHints":{"allow":["GET"]}}],"collection":[{"href":"https:\/\/mol-en.icb.usp.br\/index.php\/wp-json\/wp\/v2\/pages"}],"about":[{"href":"https:\/\/mol-en.icb.usp.br\/index.php\/wp-json\/wp\/v2\/types\/page"}],"author":[{"embeddable":true,"href":"https:\/\/mol-en.icb.usp.br\/index.php\/wp-json\/wp\/v2\/users\/2"}],"replies":[{"embeddable":true,"href":"https:\/\/mol-en.icb.usp.br\/index.php\/wp-json\/wp\/v2\/comments?post=4467"}],"version-history":[{"count":4,"href":"https:\/\/mol-en.icb.usp.br\/index.php\/wp-json\/wp\/v2\/pages\/4467\/revisions"}],"predecessor-version":[{"id":6082,"href":"https:\/\/mol-en.icb.usp.br\/index.php\/wp-json\/wp\/v2\/pages\/4467\/revisions\/6082"}],"wp:attachment":[{"href":"https:\/\/mol-en.icb.usp.br\/index.php\/wp-json\/wp\/v2\/media?parent=4467"}],"curies":[{"name":"wp","href":"https:\/\/api.w.org\/{rel}","templated":true}]}}