{"id":4452,"date":"2018-01-10T16:59:10","date_gmt":"2018-01-10T18:59:10","guid":{"rendered":"http:\/\/en-mol.icb.usp.br\/?page_id=4452"},"modified":"2018-01-10T17:00:34","modified_gmt":"2018-01-10T19:00:34","slug":"11-22-resposta","status":"publish","type":"page","link":"https:\/\/mol-en.icb.usp.br\/index.php\/11-22-resposta\/","title":{"rendered":"11-22 Resposta"},"content":{"rendered":"<div class=\"su-row\">\n  <div class=\"su-column su-column-size-1-1\"><div class=\"su-column-inner su-u-clearfix su-u-trim\"> <strong>DIAGN\u00d3STICO TESTE P\u00c1GINA 11-22<br \/>\n<\/strong><\/div><\/div>\n<\/div>\n<div class=\"su-row\">\n  <div class=\"su-column su-column-size-1-2\"><div class=\"su-column-inner su-u-clearfix su-u-trim\"> <\/p>\n<p>A e B \u2013 par de arter\u00edola e v\u00eanula.<br \/>\nSetas \u2013 capilares sangu\u00edneos de v\u00e1rios di\u00e2metros. <\/p>\n<\/div><\/div>\n  <div class=\"su-column su-column-size-1-2\"><div class=\"su-column-inner su-u-clearfix su-u-trim\"> <\/p>\n<p><img decoding=\"async\" src=\" https:\/\/mol-en.icb.usp.br\/wp-content\/uploads\/11-22-teste3.jpg \" \/><\/a><\/p>\n<p>Vasos sangu\u00edneos. Colora\u00e7\u00e3o: HE. Aumento: pequeno.<\/p>\n<\/div><\/div>\n<\/div>\n","protected":false},"excerpt":{"rendered":"","protected":false},"author":2,"featured_media":0,"parent":0,"menu_order":0,"comment_status":"closed","ping_status":"closed","template":"","meta":{"footnotes":""},"class_list":["post-4452","page","type-page","status-publish","hentry"],"_links":{"self":[{"href":"https:\/\/mol-en.icb.usp.br\/index.php\/wp-json\/wp\/v2\/pages\/4452","targetHints":{"allow":["GET"]}}],"collection":[{"href":"https:\/\/mol-en.icb.usp.br\/index.php\/wp-json\/wp\/v2\/pages"}],"about":[{"href":"https:\/\/mol-en.icb.usp.br\/index.php\/wp-json\/wp\/v2\/types\/page"}],"author":[{"embeddable":true,"href":"https:\/\/mol-en.icb.usp.br\/index.php\/wp-json\/wp\/v2\/users\/2"}],"replies":[{"embeddable":true,"href":"https:\/\/mol-en.icb.usp.br\/index.php\/wp-json\/wp\/v2\/comments?post=4452"}],"version-history":[{"count":3,"href":"https:\/\/mol-en.icb.usp.br\/index.php\/wp-json\/wp\/v2\/pages\/4452\/revisions"}],"predecessor-version":[{"id":7353,"href":"https:\/\/mol-en.icb.usp.br\/index.php\/wp-json\/wp\/v2\/pages\/4452\/revisions\/7353"}],"wp:attachment":[{"href":"https:\/\/mol-en.icb.usp.br\/index.php\/wp-json\/wp\/v2\/media?parent=4452"}],"curies":[{"name":"wp","href":"https:\/\/api.w.org\/{rel}","templated":true}]}}