{"id":4423,"date":"2018-01-10T16:20:59","date_gmt":"2018-01-10T18:20:59","guid":{"rendered":"http:\/\/en-mol.icb.usp.br\/?page_id=4423"},"modified":"2018-01-21T10:42:18","modified_gmt":"2018-01-21T12:42:18","slug":"11-20-sistema-circulatorio","status":"publish","type":"page","link":"https:\/\/mol-en.icb.usp.br\/index.php\/11-20-sistema-circulatorio\/","title":{"rendered":"11-20 Sistema circulat\u00f3rio"},"content":{"rendered":"<div class=\"su-row\">\n  <div class=\"su-column su-column-size-1-1\"><div class=\"su-column-inner su-u-clearfix su-u-trim\"> <strong>TESTE SEU CONHECIMENTO <\/strong><\/div><\/div>\n<\/div>\n<div class=\"su-row\">\n  <div class=\"su-column su-column-size-1-2\"><div class=\"su-column-inner su-u-clearfix su-u-trim\"> <\/p>\n<p>Diagnostique os cinco vasos sangu\u00edneos presentes na imagem.<br \/>\n<a href=\"https:\/\/mol-en.icb.usp.br\/index.php\/11-20-resposta\/\" rel=\"noopener\" target=\"_blank\">Clique aqui para confirmar seu diagn\u00f3stico. <\/a><\/p>\n<\/div><\/div>\n  <div class=\"su-column su-column-size-1-2\"><div class=\"su-column-inner su-u-clearfix su-u-trim\"> <\/p>\n<p><img decoding=\"async\" src=\" https:\/\/mol-en.icb.usp.br\/wp-content\/uploads\/11-20-teste1.jpg \" \/><\/a><\/p>\n<p>Vasos sangu\u00edneos. Colora\u00e7\u00e3o: HE. Aumento: pequeno.<\/p>\n<p>Para navegar no MOL, use os links ACESSAR P\u00c1GINA ANTERIOR e ACESSAR P\u00c1GINA SEGUINTE situados abaixo da figura.<\/p>\n<p><strong>NAVEGA\u00c7\u00c3O NO MOL:<\/strong><\/p>\n<p><a href=\"https:\/\/mol-en.icb.usp.br\/index.php\/11-19-sistema-circulatorio\/\">ACESSAR P\u00c1GINA ANTERIOR<\/a><\/p>\n<p><a href=\"https:\/\/mol-en.icb.usp.br\/index.php\/11-21-sistema-circulatorio\/\">ACESSAR P\u00c1GINA SEGUINTE<\/a><br \/>\n<\/a><\/div><\/div>\n<\/div>\n","protected":false},"excerpt":{"rendered":"","protected":false},"author":2,"featured_media":0,"parent":0,"menu_order":0,"comment_status":"closed","ping_status":"closed","template":"","meta":{"footnotes":""},"class_list":["post-4423","page","type-page","status-publish","hentry"],"_links":{"self":[{"href":"https:\/\/mol-en.icb.usp.br\/index.php\/wp-json\/wp\/v2\/pages\/4423","targetHints":{"allow":["GET"]}}],"collection":[{"href":"https:\/\/mol-en.icb.usp.br\/index.php\/wp-json\/wp\/v2\/pages"}],"about":[{"href":"https:\/\/mol-en.icb.usp.br\/index.php\/wp-json\/wp\/v2\/types\/page"}],"author":[{"embeddable":true,"href":"https:\/\/mol-en.icb.usp.br\/index.php\/wp-json\/wp\/v2\/users\/2"}],"replies":[{"embeddable":true,"href":"https:\/\/mol-en.icb.usp.br\/index.php\/wp-json\/wp\/v2\/comments?post=4423"}],"version-history":[{"count":9,"href":"https:\/\/mol-en.icb.usp.br\/index.php\/wp-json\/wp\/v2\/pages\/4423\/revisions"}],"predecessor-version":[{"id":5092,"href":"https:\/\/mol-en.icb.usp.br\/index.php\/wp-json\/wp\/v2\/pages\/4423\/revisions\/5092"}],"wp:attachment":[{"href":"https:\/\/mol-en.icb.usp.br\/index.php\/wp-json\/wp\/v2\/media?parent=4423"}],"curies":[{"name":"wp","href":"https:\/\/api.w.org\/{rel}","templated":true}]}}