{"id":4398,"date":"2018-01-10T12:01:29","date_gmt":"2018-01-10T14:01:29","guid":{"rendered":"http:\/\/en-mol.icb.usp.br\/?page_id=4398"},"modified":"2018-01-10T12:01:29","modified_gmt":"2018-01-10T14:01:29","slug":"11-16-resposta","status":"publish","type":"page","link":"https:\/\/mol-en.icb.usp.br\/index.php\/11-16-resposta\/","title":{"rendered":"11-16-resposta"},"content":{"rendered":"<div class=\"su-row\">\n<div class=\"su-column su-column-size-1-1\"><div class=\"su-column-inner su-u-clearfix su-u-trim\"><strong>RESPOSTA TESTE DA P\u00c1GINA 11-16<\/strong><\/div><\/div>\n<\/div>\n<div class=\"su-row\">\n<div class=\"su-column su-column-size-1-2\"><div class=\"su-column-inner su-u-clearfix su-u-trim\">\n<p>Coloque o cursor ou clique sobre a imagem.<br \/>\nFibras col\u00e1genas de v\u00e1rias espessuras, dispostas em v\u00e1rias dire\u00e7\u00f5es. N\u00facleos de fibroblastos.<br \/>\nDiagn\u00f3stico: tecido conjuntivo denso n\u00e3o-modelado<\/p>\n<\/div><\/div>\n<div class=\"su-column su-column-size-1-2\"><div class=\"su-column-inner su-u-clearfix su-u-trim\">\n<div>\n<div class=\"image-container\">\n<a href=\"javascript:void(0)\"><img decoding=\"async\" src=\" https:\/\/mol-en.icb.usp.br\/wp-content\/uploads\/11-16.jpg \" onmouseover=\"this.src=' https:\/\/mol-en.icb.usp.br\/wp-content\/uploads\/11-16-resp.jpg'\" onmouseout=\"this.src=' https:\/\/mol-en.icb.usp.br\/wp-content\/uploads\/11-16.jpg'\" \/><\/a><\/div>\n<p><img decoding=\"async\" src=\"https:\/\/mol-en.icb.usp.br\/wp-content\/uploads\/mouse-1.gif\" \/><\/p>\n<div>\n<\/div>\n<\/div>\n<\/div>\n<\/div><\/div>\n<\/div>\n","protected":false},"excerpt":{"rendered":"","protected":false},"author":2,"featured_media":0,"parent":0,"menu_order":0,"comment_status":"closed","ping_status":"closed","template":"","meta":{"footnotes":""},"class_list":["post-4398","page","type-page","status-publish","hentry"],"_links":{"self":[{"href":"https:\/\/mol-en.icb.usp.br\/index.php\/wp-json\/wp\/v2\/pages\/4398","targetHints":{"allow":["GET"]}}],"collection":[{"href":"https:\/\/mol-en.icb.usp.br\/index.php\/wp-json\/wp\/v2\/pages"}],"about":[{"href":"https:\/\/mol-en.icb.usp.br\/index.php\/wp-json\/wp\/v2\/types\/page"}],"author":[{"embeddable":true,"href":"https:\/\/mol-en.icb.usp.br\/index.php\/wp-json\/wp\/v2\/users\/2"}],"replies":[{"embeddable":true,"href":"https:\/\/mol-en.icb.usp.br\/index.php\/wp-json\/wp\/v2\/comments?post=4398"}],"version-history":[{"count":2,"href":"https:\/\/mol-en.icb.usp.br\/index.php\/wp-json\/wp\/v2\/pages\/4398\/revisions"}],"predecessor-version":[{"id":7065,"href":"https:\/\/mol-en.icb.usp.br\/index.php\/wp-json\/wp\/v2\/pages\/4398\/revisions\/7065"}],"wp:attachment":[{"href":"https:\/\/mol-en.icb.usp.br\/index.php\/wp-json\/wp\/v2\/media?parent=4398"}],"curies":[{"name":"wp","href":"https:\/\/api.w.org\/{rel}","templated":true}]}}