{"id":4354,"date":"2018-01-10T11:27:40","date_gmt":"2018-01-10T13:27:40","guid":{"rendered":"http:\/\/en-mol.icb.usp.br\/?page_id=4354"},"modified":"2018-01-21T10:35:08","modified_gmt":"2018-01-21T12:35:08","slug":"11-15-sistema-circulatorio","status":"publish","type":"page","link":"https:\/\/mol-en.icb.usp.br\/index.php\/11-15-sistema-circulatorio\/","title":{"rendered":"11-15 Sistema circulat\u00f3rio"},"content":{"rendered":"<div class=\"su-row\">\n<div class=\"su-column su-column-size-1-1\"><div class=\"su-column-inner su-u-clearfix su-u-trim\"><strong>MICROCIRCULA\u00c7\u00c3O &#8211; 2<\/strong><\/div><\/div>\n<\/div>\n<div class=\"su-row\">\n<div class=\"su-column su-column-size-1-2\"><div class=\"su-column-inner su-u-clearfix su-u-trim\">\nObserve inicialmente o tamanho dos n\u00facleos presentes na imagem. S\u00e3o facilmente observados, \u00e0s vezes at\u00e9 com detalhes de sua cromatina. A imagem \u00e9 de um aumento m\u00e9dio.<br \/>\nNa imagem h\u00e1 <strong>tr\u00eas arter\u00edolas<\/strong>. No l\u00famen de duas arter\u00edolas h\u00e1 hem\u00e1cias, o que ajuda muito para conhecer o aumento da imagem.<br \/>\nObserve que a parede das arter\u00edolas \u00e9 <strong>bastante espessa<\/strong> se comparada ao di\u00e2metro externo dos vasos. Nas duas arter\u00edolas \u00e0 direita, a espessura da parede \u00e9 quase igual ao di\u00e2metro do l\u00famen.<br \/>\nColoque o cursor ou clique sobre a figura para observar a parede dos vasos ressaltada em verde.<br \/>\nNas paredes observam-se muito bem n\u00facleos de fibras musculares lisas: n\u00facleos em forma de charutos ou salsichas. Alguns n\u00facleos aparecem ressaltados em azul.<br \/>\nNa t\u00fanica \u00edntima observe n\u00facleos de c\u00e9lulas endoteliais \u2013 ressaltados em laranja.<\/p>\n<p><strong>Teste seu conhecimento:<\/strong> qual o tecido que ocupa o tri\u00e2ngulo superior esquerdo da imagem? Qual o tecido que ocupa o tri\u00e2ngulo inferior direito da imagem?<br \/>\nObserve bem, raciocine e <a href=\"https:\/\/mol-en.icb.usp.br\/index.php\/11-15-resposta\/\" rel=\"noopener\" target=\"_blank\">clique aqui para conferir seu diagn\u00f3stico.<\/a><\/p>\n<\/div><\/div>\n<div class=\"su-column su-column-size-1-2\"><div class=\"su-column-inner su-u-clearfix su-u-trim\">\n<div>\n<div class=\"image-container\">\n<a href=\"javascript:void(0)\"><img decoding=\"async\" src=\" https:\/\/mol-en.icb.usp.br\/wp-content\/uploads\/11-15.jpg \" onmouseover=\"this.src=' https:\/\/mol-en.icb.usp.br\/wp-content\/uploads\/11-15-MO.jpg'\" onmouseout=\"this.src=' https:\/\/mol-en.icb.usp.br\/wp-content\/uploads\/11-15.jpg'\" \/><\/a><\/div>\n<p>Microcircula\u00e7\u00e3o. Colora\u00e7\u00e3o: HE. Aumento m\u00e9dio.<\/p>\n<p><img decoding=\"async\" src=\"https:\/\/mol-en.icb.usp.br\/wp-content\/uploads\/mouse-1.gif\" \/><\/p>\n<div>\n<p><strong>NAVEGA\u00c7\u00c3O NO MOL:<\/strong><\/p>\n<\/p>\n<p><a href=\"https:\/\/mol-en.icb.usp.br\/index.php\/11-14-sistema-circulatorio\/\">ACESSAR P\u00c1GINA ANTERIOR<\/a><\/p>\n<p><a href=\"https:\/\/mol-en.icb.usp.br\/index.php\/11-16-sistema-circulatorio\/\">ACESSAR P\u00c1GINA SEGUINTE<\/a><\/p>\n<\/div>\n<\/div>\n<\/div>\n<\/div><\/div>\n<\/div>\n","protected":false},"excerpt":{"rendered":"","protected":false},"author":2,"featured_media":0,"parent":0,"menu_order":0,"comment_status":"closed","ping_status":"closed","template":"","meta":{"footnotes":""},"class_list":["post-4354","page","type-page","status-publish","hentry"],"_links":{"self":[{"href":"https:\/\/mol-en.icb.usp.br\/index.php\/wp-json\/wp\/v2\/pages\/4354","targetHints":{"allow":["GET"]}}],"collection":[{"href":"https:\/\/mol-en.icb.usp.br\/index.php\/wp-json\/wp\/v2\/pages"}],"about":[{"href":"https:\/\/mol-en.icb.usp.br\/index.php\/wp-json\/wp\/v2\/types\/page"}],"author":[{"embeddable":true,"href":"https:\/\/mol-en.icb.usp.br\/index.php\/wp-json\/wp\/v2\/users\/2"}],"replies":[{"embeddable":true,"href":"https:\/\/mol-en.icb.usp.br\/index.php\/wp-json\/wp\/v2\/comments?post=4354"}],"version-history":[{"count":7,"href":"https:\/\/mol-en.icb.usp.br\/index.php\/wp-json\/wp\/v2\/pages\/4354\/revisions"}],"predecessor-version":[{"id":5086,"href":"https:\/\/mol-en.icb.usp.br\/index.php\/wp-json\/wp\/v2\/pages\/4354\/revisions\/5086"}],"wp:attachment":[{"href":"https:\/\/mol-en.icb.usp.br\/index.php\/wp-json\/wp\/v2\/media?parent=4354"}],"curies":[{"name":"wp","href":"https:\/\/api.w.org\/{rel}","templated":true}]}}