{"id":4334,"date":"2018-01-08T18:34:59","date_gmt":"2018-01-08T20:34:59","guid":{"rendered":"http:\/\/en-mol.icb.usp.br\/?page_id=4334"},"modified":"2022-07-06T16:30:09","modified_gmt":"2022-07-06T19:30:09","slug":"11-13-resposta","status":"publish","type":"page","link":"https:\/\/mol-en.icb.usp.br\/index.php\/11-13-resposta\/","title":{"rendered":"11-13-resposta"},"content":{"rendered":"<div class=\"su-row\">\n  <strong>DIAGN\u00d3STICO P\u00c1GINA 11-13 <\/strong><br \/>\n<\/div>\n<div class=\"su-row\">\n  <div class=\"su-column su-column-size-1-2\"><div class=\"su-column-inner su-u-clearfix su-u-trim\">\n<strong>Figura superior <\/strong><br \/>\nVaso situado \u00e0 esquerda tem perfil circular, \u00e0 direita est\u00e1 um pouco \u201cachatado\u201d. Esquerda \u2013 parede espessa, direita &#8211; parede delgada.<br \/>\nO tamanho dos n\u00facleos nesta imagem \u00e9 bastante pequeno. Portanto, trata-se de um aumento pequeno.<br \/>\n<strong>Conclus\u00e3o:<\/strong> art\u00e9ria de pequeno calibre \u00e0 esquerda e veia de pequeno calibre \u00e0 direita. Este par est\u00e1 situado na periferia de uma gl\u00e2ndula adrenal. <\/p>\n<p><strong>Figura inferior: <\/strong><br \/>\nFigura novamente apresentada nesta p\u00e1gina.<br \/>\nAumento maior que o da figura superior. Compare o tamanho dos n\u00facleos.<br \/>\nA espessura total das paredes est\u00e1 assinalada por uma barra.<br \/>\n1 \u2013 Vaso \u00e0 esquerda \u2013 parede delgada, l\u00famen alongado. Vaso \u00e0 direita \u2013 parede espessa, l\u00famen circular. O l\u00famen do vaso \u00e0 esquerda \u00e9 mais amplo que o da direita, embora o di\u00e2metro externo dos vasos seja semelhante. Suspeite de que o da esquerda seja uma veia.<br \/>\n2 \u2013 Vaso \u00e0 direita \u2013 t\u00fanica m\u00e9dia com muitas fibras musculares lisas. Observe os n\u00facleos em forma de \u201ccharuto\u201d.<br \/>\nParede relativamente espessa em rela\u00e7\u00e3o ao di\u00e2metro do l\u00famen e ao di\u00e2metro externo.<br \/>\n3- A t\u00fanica advent\u00edcia de ambos vasos \u00e9 muito delgada ou inexistente \u2013 dif\u00edcil de observ\u00e1-la nesta imagem. \u00c0 medida que os vasos se tornam menos calibrosos, suas t\u00fanicas se simplificam.<\/p>\n<p><strong>Conclus\u00e3o:<\/strong> vasos de pequeno calibre, a art\u00e9ria \u00e0 direita e veia \u00e0 esquerda.<\/p>\n<\/div><\/div>\n  <div class=\"su-column su-column-size-1-2\"><div class=\"su-column-inner su-u-clearfix su-u-trim\">\n<img decoding=\"async\" src=\" https:\/\/mol-en.icb.usp.br\/wp-content\/uploads\/11-13-A.jpg \" \/><\/a><br \/>\n<img decoding=\"async\" src=\" https:\/\/mol-en.icb.usp.br\/wp-content\/uploads\/11-13-resp.jpg \" \/><\/a><\/p>\n<\/div><\/div>\n<\/div>\n","protected":false},"excerpt":{"rendered":"","protected":false},"author":2,"featured_media":0,"parent":0,"menu_order":0,"comment_status":"closed","ping_status":"closed","template":"","meta":{"footnotes":""},"class_list":["post-4334","page","type-page","status-publish","hentry"],"_links":{"self":[{"href":"https:\/\/mol-en.icb.usp.br\/index.php\/wp-json\/wp\/v2\/pages\/4334","targetHints":{"allow":["GET"]}}],"collection":[{"href":"https:\/\/mol-en.icb.usp.br\/index.php\/wp-json\/wp\/v2\/pages"}],"about":[{"href":"https:\/\/mol-en.icb.usp.br\/index.php\/wp-json\/wp\/v2\/types\/page"}],"author":[{"embeddable":true,"href":"https:\/\/mol-en.icb.usp.br\/index.php\/wp-json\/wp\/v2\/users\/2"}],"replies":[{"embeddable":true,"href":"https:\/\/mol-en.icb.usp.br\/index.php\/wp-json\/wp\/v2\/comments?post=4334"}],"version-history":[{"count":7,"href":"https:\/\/mol-en.icb.usp.br\/index.php\/wp-json\/wp\/v2\/pages\/4334\/revisions"}],"predecessor-version":[{"id":9022,"href":"https:\/\/mol-en.icb.usp.br\/index.php\/wp-json\/wp\/v2\/pages\/4334\/revisions\/9022"}],"wp:attachment":[{"href":"https:\/\/mol-en.icb.usp.br\/index.php\/wp-json\/wp\/v2\/media?parent=4334"}],"curies":[{"name":"wp","href":"https:\/\/api.w.org\/{rel}","templated":true}]}}