{"id":4305,"date":"2018-01-08T12:29:38","date_gmt":"2018-01-08T14:29:38","guid":{"rendered":"http:\/\/en-mol.icb.usp.br\/?page_id=4305"},"modified":"2018-03-14T16:51:55","modified_gmt":"2018-03-14T19:51:55","slug":"11-12-resposta","status":"publish","type":"page","link":"https:\/\/mol-en.icb.usp.br\/index.php\/11-12-resposta\/","title":{"rendered":"11-12-resposta"},"content":{"rendered":"<div class=\"su-row\">\n  <div class=\"su-column su-column-size-1-1\"><div class=\"su-column-inner su-u-clearfix su-u-trim\"> <strong>DIAGN\u00d3STICO P\u00c1GINA 11-12 <\/strong><\/div><\/div>\n<\/div>\n<div class=\"su-row\"><\/div>\n  <div class=\"su-column su-column-size-1-2\"><div class=\"su-column-inner su-u-clearfix su-u-trim\"> <\/p>\n<p>Na imagem superior quase n\u00e3o \u00e9 poss\u00edvel observar n\u00facleos, portanto trata-se de um <strong>aumento pequeno<\/strong>. S\u00e3o vasos de pequeno calibre.<br \/>\n\u00c0 esquerda um vaso sangu\u00edneo de perfil circular e parede espessa; o vaso \u00e0 direita tem parede delgada.<br \/>\nNa figura inferior em aumento maior:<br \/>\nNo vaso \u00e0 esquerda:<br \/>\nObserve que a <strong>camada predominante \u00e9 a m\u00e9dia<\/strong>. Esta tem <strong>grande quantidade de fibras musculares lisas<\/strong> \u2013 alguns n\u00facleos apontados por setas azuis.<br \/>\nA t\u00fanica \u00edntima est\u00e1 mal preservada por defeito de fixa\u00e7\u00e3o histol\u00f3gica \u2013 \u00e9 um artefato de t\u00e9cnica.  Os n\u00facleos est\u00e3o \u201csoltos\u201d de seu citoplasma (veja, por exemplo, a seta preta.<br \/>\nNo vaso \u00e0 direita:<br \/>\n<strong>Parede delgada<\/strong>, <strong>predomina a advent\u00edcia<\/strong>.<\/p>\n<p><strong>Conclus\u00e3o:<\/strong> art\u00e9ria de pequeno calibre \u00e0 esquerda e veia de pequeno calibre \u00e0 direita.<\/p>\n<\/div><\/div>\n  <div class=\"su-column su-column-size-1-2\"><div class=\"su-column-inner su-u-clearfix su-u-trim\"><\/div><\/div> <\/p>\n<p><img decoding=\"async\" src=\" https:\/\/mol-en.icb.usp.br\/wp-content\/uploads\/11-12-resp.jpg \" \/><\/a><\/p>\n","protected":false},"excerpt":{"rendered":"","protected":false},"author":2,"featured_media":0,"parent":0,"menu_order":0,"comment_status":"closed","ping_status":"closed","template":"","meta":{"footnotes":""},"class_list":["post-4305","page","type-page","status-publish","hentry"],"_links":{"self":[{"href":"https:\/\/mol-en.icb.usp.br\/index.php\/wp-json\/wp\/v2\/pages\/4305","targetHints":{"allow":["GET"]}}],"collection":[{"href":"https:\/\/mol-en.icb.usp.br\/index.php\/wp-json\/wp\/v2\/pages"}],"about":[{"href":"https:\/\/mol-en.icb.usp.br\/index.php\/wp-json\/wp\/v2\/types\/page"}],"author":[{"embeddable":true,"href":"https:\/\/mol-en.icb.usp.br\/index.php\/wp-json\/wp\/v2\/users\/2"}],"replies":[{"embeddable":true,"href":"https:\/\/mol-en.icb.usp.br\/index.php\/wp-json\/wp\/v2\/comments?post=4305"}],"version-history":[{"count":5,"href":"https:\/\/mol-en.icb.usp.br\/index.php\/wp-json\/wp\/v2\/pages\/4305\/revisions"}],"predecessor-version":[{"id":6068,"href":"https:\/\/mol-en.icb.usp.br\/index.php\/wp-json\/wp\/v2\/pages\/4305\/revisions\/6068"}],"wp:attachment":[{"href":"https:\/\/mol-en.icb.usp.br\/index.php\/wp-json\/wp\/v2\/media?parent=4305"}],"curies":[{"name":"wp","href":"https:\/\/api.w.org\/{rel}","templated":true}]}}