{"id":4221,"date":"2018-01-06T21:29:40","date_gmt":"2018-01-06T23:29:40","guid":{"rendered":"http:\/\/en-mol.icb.usp.br\/?page_id=4221"},"modified":"2023-07-12T11:35:34","modified_gmt":"2023-07-12T14:35:34","slug":"11-3-sistema-circulatorio","status":"publish","type":"page","link":"https:\/\/mol-en.icb.usp.br\/index.php\/11-3-sistema-circulatorio\/","title":{"rendered":"11-3 Sistema circulat\u00f3rio"},"content":{"rendered":"<div class=\"su-row\">\n<div class=\"su-column su-column-size-1-1\"><div class=\"su-column-inner su-u-clearfix su-u-trim\"> <strong>ART\u00c9RIAS EL\u00c1STICAS E ART\u00c9RIAS MUSCULARES<br \/>\n<\/strong><\/div><\/div>\n<\/div>\n<div class=\"su-row\">\n<div class=\"su-column su-column-size-1-2\"><div class=\"su-column-inner su-u-clearfix su-u-trim\">\nH\u00e1 dois tipos b\u00e1sicos de art\u00e9rias: <strong>el\u00e1sticas<\/strong> tamb\u00e9m conhecidas por art\u00e9rias <strong>condutoras<\/strong> e art\u00e9rias\u00a0 <strong>musculares<\/strong>, tamb\u00e9m chamadas <strong>art\u00e9rias de distribui\u00e7\u00e3o<\/strong>.<br \/>\nAs <strong>art\u00e9rias el\u00e1sticas<\/strong> se situam pr\u00f3ximas ao cora\u00e7\u00e3o, por exemplo a art\u00e9ria aorta e as art\u00e9rias pulmonares.<br \/>\nSua t\u00fanica m\u00e9dia tem grande quantidade de <strong>material el\u00e1stico<\/strong> sob forma de delgadas l\u00e2minas paralelas. Estas l\u00e2minas n\u00e3o s\u00e3o cont\u00ednuas, por\u00e9m possuem pequenas perfura\u00e7\u00f5es.<br \/>\nAs <strong>art\u00e9rias musculares<\/strong> compreendem o restante das art\u00e9rias. Como seu pr\u00f3prio nome sugere, o principal componente de sua t\u00fanica m\u00e9dia \u00e9 tecido muscular liso. Suas fibras se disp\u00f5em em camadas circulares ou helicoidais, isto \u00e9, as fibras se disp\u00f5em de maneira perpendicular ao maior eixo do vaso.<\/p>\n<\/div><\/div>\n<div class=\"su-column su-column-size-1-2\"><div class=\"su-column-inner su-u-clearfix su-u-trim\">\n<p><img decoding=\"async\" src=\" https:\/\/mol-en.icb.usp.br\/wp-content\/uploads\/11-2.jpg \" \/><\/p>\n<p>Para navegar no MOL, use os links ACESSAR P\u00c1GINA ANTERIOR e ACESSAR P\u00c1GINA SEGUINTE situados abaixo da figura.<\/p>\n<p><strong>NAVEGA\u00c7\u00c3O NO MOL:<\/strong><\/p>\n<p><a href=\"https:\/\/mol-en.icb.usp.br\/index.php\/11-2-sistema-circulatorio\/\">ACESSAR P\u00c1GINA ANTERIOR<\/a><\/p>\n<p><a href=\"https:\/\/mol-en.icb.usp.br\/index.php\/11-4-sistema-circulatorio\/\">ACESSAR P\u00c1GINA SEGUINTE<\/a><br \/>\n<\/div><\/div>\n<\/div>\n","protected":false},"excerpt":{"rendered":"","protected":false},"author":2,"featured_media":0,"parent":0,"menu_order":0,"comment_status":"closed","ping_status":"closed","template":"","meta":{"footnotes":""},"class_list":["post-4221","page","type-page","status-publish","hentry"],"_links":{"self":[{"href":"https:\/\/mol-en.icb.usp.br\/index.php\/wp-json\/wp\/v2\/pages\/4221","targetHints":{"allow":["GET"]}}],"collection":[{"href":"https:\/\/mol-en.icb.usp.br\/index.php\/wp-json\/wp\/v2\/pages"}],"about":[{"href":"https:\/\/mol-en.icb.usp.br\/index.php\/wp-json\/wp\/v2\/types\/page"}],"author":[{"embeddable":true,"href":"https:\/\/mol-en.icb.usp.br\/index.php\/wp-json\/wp\/v2\/users\/2"}],"replies":[{"embeddable":true,"href":"https:\/\/mol-en.icb.usp.br\/index.php\/wp-json\/wp\/v2\/comments?post=4221"}],"version-history":[{"count":7,"href":"https:\/\/mol-en.icb.usp.br\/index.php\/wp-json\/wp\/v2\/pages\/4221\/revisions"}],"predecessor-version":[{"id":9047,"href":"https:\/\/mol-en.icb.usp.br\/index.php\/wp-json\/wp\/v2\/pages\/4221\/revisions\/9047"}],"wp:attachment":[{"href":"https:\/\/mol-en.icb.usp.br\/index.php\/wp-json\/wp\/v2\/media?parent=4221"}],"curies":[{"name":"wp","href":"https:\/\/api.w.org\/{rel}","templated":true}]}}