{"id":30,"date":"2017-04-23T17:02:18","date_gmt":"2017-04-23T20:02:18","guid":{"rendered":"http:\/\/en-mol.icb.usp.br\/?page_id=30"},"modified":"2024-06-28T07:07:49","modified_gmt":"2024-06-28T10:07:49","slug":"technical-data","status":"publish","type":"page","link":"https:\/\/mol-en.icb.usp.br\/index.php\/technical-data\/","title":{"rendered":"TECHNICAL DATA"},"content":{"rendered":"<p><strong><span class=\"style2\">IMAGES<\/span><\/strong><br \/>\nThe images you see in MOL were captured using histological slides from: Department of Cell and Developmental Biology, Institute of Biomedical Sciences, University of S\u00e3o Paulo; Department of Cell, Molecular and Pathogenic Bioagents of the Medical School of Ribeir\u00e3o Preto, University of S\u00e3o Paulo; Department of Histology, Federal University of Rio de Janeiro; Department of Histology, Escola Paulista de Medicina, Federal University of S\u00e3o Paulo; Harris Biological Supplies (Sheffield, England).<\/p>\n<p><span class=\"style2\"><strong>MICROSCOPES<\/strong><br \/>\n<\/span>Nikon Eclipse 6600. Planachromatic or planapochromatic objective lenses.<br \/>\nNikon Microphot-FX. Planachromatic or planapochromatic objective lenses.<\/p>\n<p><strong><span class=\"style2\">IMAGE CAPTURE<\/span><\/strong><br \/>\nC\u00e2mera: Media Cybernetics model CoolSNAP-Procf<br \/>\nNikon Digital Camera DXM1200F<br \/>\nCapture software: ImagePro<\/p>\n<p><span class=\"style2\"><strong>BUILDING MOL<\/strong><br \/>\n<\/span> First edition: Adobe\u00ae Dreamweaver CS3<br \/>\nMol 2.0, MOL 3.0 &#8211; WordPress<\/p>\n<p><span class=\"style2\"><strong>IMAGE MAGNIFICATIONS<\/strong><br \/>\nThe images were obtained with several objective lenses and captured with a digital camera. The images were thereafter optimized with Adobe Photoshop\u00ae to better their contrast and color rendition. <\/span><\/p>\n<p>The following table shows the magnifications that were used and how they translate into magnifications described in the figure legends.<\/p>\n<table border=\"1\" width=\"712\">\n<tbody>\n<tr>\n<td width=\"147\">\n<div align=\"center\">\n<p><span style=\"color: #003300; font-size: 12pt;\"><span style=\"font-family: Arial;\">Magnifications described in the image legends<\/span><span style=\"font-family: Arial;\">. <\/span><\/span><\/p>\n<\/div>\n<\/td>\n<td width=\"219\">\n<div align=\"center\"><span style=\"color: #003300; font-family: Arial; font-size: 12pt;\"> Microscope objective lenses used for image capture. <\/span><\/div>\n<\/td>\n<td width=\"324\">\n<div align=\"center\">\n<p><span style=\"color: #003300; font-size: 12pt;\"> Final magnification of the images if they were observed with a microscope using a 10 x eyepiece <\/span><\/p>\n<\/div>\n<\/td>\n<\/tr>\n<tr>\n<td>\n<div align=\"center\"><span class=\"style10\">small<\/span><\/div>\n<\/td>\n<td>\n<div class=\"style10\" align=\"center\">2 x or 4 x<\/div>\n<\/td>\n<td>\n<div class=\"style10\" align=\"center\">20 x or 40 x<\/div>\n<\/td>\n<\/tr>\n<tr>\n<td>\n<div align=\"center\"><span class=\"style10\">medium<\/span><\/div>\n<\/td>\n<td>\n<div class=\"style10\" align=\"center\">10 x or 20 x<\/div>\n<\/td>\n<td>\n<div class=\"style10\" align=\"center\">100 x or 200 x<\/div>\n<\/td>\n<\/tr>\n<tr>\n<td>\n<div align=\"center\"><span class=\"style10\">high<\/span><\/div>\n<\/td>\n<td>\n<div class=\"style10\" align=\"center\">40 x or 60 x<\/div>\n<\/td>\n<td>\n<div class=\"style10\" align=\"center\">400 x or 600 x<\/div>\n<\/td>\n<\/tr>\n<\/tbody>\n<\/table>\n<p>The final magnification of each image depends on the screen that you are using and on the zoom that you are aplying to the image.<\/p>\n<p><span class=\"style2\"><strong>IMAGE PROCESSING<\/strong><br \/>\n<\/span>Adobe Photoshop\u00ae CS3 10.0<\/p>\n<p><span class=\"style2\"><strong>DRAWINGS<\/strong><br \/>\n<\/span>CorelDRAW\u00ae 9.337<\/p>\n<p><span class=\"style2\"><strong>MOL editions<\/strong><br \/>\n<\/span>1.0 &#8211; march 2005<br \/>\n2.0 &#8211; march 2008<br \/>\n3.0 &#8211; november 2017<\/p>\n<p><strong><span class=\"style2\">Acknowledgements<\/span><\/strong><\/p>\n<p align=\"left\">Many persons helped to build MOL. I thank the invaluable help and contribution of:<\/p>\n<p align=\"left\"><strong>Prof. Telma Maria Ten\u00f3rio Zorn<\/strong> for the use of her microscopes and equipment for image capture.<\/p>\n<p align=\"left\"><strong>MS Fernanda Barrence<\/strong> for her priceless and competent technical support.<\/p>\n<p align=\"left\"><strong>Cleusa Raspantini Pellegrini<\/strong> for her invaluable technical support and for the loan of many hystological slides<\/p>\n<p align=\"left\"><strong>Prof. Antonio Haddad<\/strong>, <strong>Prof. Maria Luisa Pa\u00e7\u00f3 Larsen<\/strong> and <strong>Prof. Sima Katz <\/strong>for providing hystological slides.<\/p>\n","protected":false},"excerpt":{"rendered":"<p>IMAGES The images you see in MOL were captured using histological slides from: Department of Cell and Developmental Biology, Institute of Biomedical Sciences, University of S\u00e3o Paulo; Department of Cell, Molecular and Pathogenic Bioagents of the Medical School of Ribeir\u00e3o Preto, University of S\u00e3o Paulo; Department of Histology, Federal University of Rio de Janeiro; Department [&hellip;]<\/p>\n","protected":false},"author":2,"featured_media":0,"parent":0,"menu_order":0,"comment_status":"closed","ping_status":"closed","template":"","meta":{"footnotes":""},"class_list":["post-30","page","type-page","status-publish","hentry"],"_links":{"self":[{"href":"https:\/\/mol-en.icb.usp.br\/index.php\/wp-json\/wp\/v2\/pages\/30","targetHints":{"allow":["GET"]}}],"collection":[{"href":"https:\/\/mol-en.icb.usp.br\/index.php\/wp-json\/wp\/v2\/pages"}],"about":[{"href":"https:\/\/mol-en.icb.usp.br\/index.php\/wp-json\/wp\/v2\/types\/page"}],"author":[{"embeddable":true,"href":"https:\/\/mol-en.icb.usp.br\/index.php\/wp-json\/wp\/v2\/users\/2"}],"replies":[{"embeddable":true,"href":"https:\/\/mol-en.icb.usp.br\/index.php\/wp-json\/wp\/v2\/comments?post=30"}],"version-history":[{"count":38,"href":"https:\/\/mol-en.icb.usp.br\/index.php\/wp-json\/wp\/v2\/pages\/30\/revisions"}],"predecessor-version":[{"id":10300,"href":"https:\/\/mol-en.icb.usp.br\/index.php\/wp-json\/wp\/v2\/pages\/30\/revisions\/10300"}],"wp:attachment":[{"href":"https:\/\/mol-en.icb.usp.br\/index.php\/wp-json\/wp\/v2\/media?parent=30"}],"curies":[{"name":"wp","href":"https:\/\/api.w.org\/{rel}","templated":true}]}}