{"id":1832,"date":"2017-08-17T14:31:29","date_gmt":"2017-08-17T17:31:29","guid":{"rendered":"http:\/\/en-mol.icb.usp.br\/?page_id=1832"},"modified":"2018-03-25T18:59:25","modified_gmt":"2018-03-25T21:59:25","slug":"13-5-3-amelogenese-e-esmalte","status":"publish","type":"page","link":"https:\/\/mol-en.icb.usp.br\/index.php\/13-5-3-amelogenese-e-esmalte\/","title":{"rendered":"13-5-3 Amelog\u00eanese e esmalte"},"content":{"rendered":"<div class=\"su-row\">\n  <div class=\"su-column su-column-size-1-1\"><div class=\"su-column-inner su-u-clearfix su-u-trim\"> <strong>AMELOG\u00caNESE E ESMALTE<\/strong> <\/div><\/div>\n<\/div>\n<div class=\"su-row\">\n  <div class=\"su-column su-column-size-1-2\"><div class=\"su-column-inner su-u-clearfix su-u-trim\"> <\/p>\n<div onclick>\n<div class=\"image-container\">\n<div class=\"extra\">\n<a href=\"javascript:void(0)\"><img decoding=\"async\" src=\" https:\/\/mol-en.icb.usp.br\/wp-content\/uploads\/13-5-3.jpg \" onmouseover=\"this.src=' https:\/\/mol-en.icb.usp.br\/wp-content\/uploads\/13-5-3-MO.jpg'\" onmouseout=\"this.src=' https:\/\/mol-en.icb.usp.br\/wp-content\/uploads\/13-5-3.jpg'\" \/><\/a><\/div>\n<p>Fase de coroa. Tecido desmineralizado. Colora\u00e7\u00e3o: HE. M\u00e9dio.<\/p>\n<p><img decoding=\"async\" src=\"https:\/\/mol-en.icb.usp.br\/wp-content\/uploads\/mouse-1.gif\"\/><\/a><\/p>\n<div onclick=\"\">\n<p>Em um aumento maior da imagem anterior observamos o <strong>esmalte em diferentes est\u00e1gios de matura\u00e7\u00e3o (mineraliza\u00e7\u00e3o)<\/strong>.<br \/>\nObservamos o <strong>esmalte mineralizado<\/strong> <strong>(azul)<\/strong> pr\u00f3ximo da dentina, nessa regi\u00e3o o esmalte possui menos mat\u00e9ria org\u00e2nica e \u00e1gua.<br \/>\nLembrando que esse material foi desmineralizado antes do preparo das l\u00e2minas e por esse motivo observamos espa\u00e7os vazios onde o esmalte est\u00e1 totalmente mineralizado.<br \/>\nO e<strong>smalte em matura\u00e7\u00e3o (amarelo)<\/strong> ainda possui mat\u00e9ria org\u00e2nica e por isso ainda podemos observ\u00e1-lo, mesmo no tecido desmineralizado.<br \/>\nNotem que quanto mais pr\u00f3ximo dos ameloblastos, mais recente foi a secre\u00e7\u00e3o e mais corada est\u00e1 a matriz do esmalte.  Ao passo que a intensidade da colora\u00e7\u00e3o diminui  gradativamente em dire\u00e7\u00e3o \u00e0 dentina, onde o esmalte est\u00e1 mais mineraliza\u00e7\u00e3o pois foi secretado anteriormente.<\/p>\n<\/p>\n<p><strong>Tablets e telefones celulares:<\/strong><br \/>\nClique sobre a figura para acessar outra imagem. Clique fora da figura para voltar \u00e0 primeira imagem.<\/p>\n<p>Para navegar no MOL, use os links ACESSAR P\u00c1GINA ANTERIOR e ACESSAR P\u00c1GINA SEGUINTE situados abaixo da figura.<\/p>\n<p><strong>NAVEGA\u00c7\u00c3O NO MOL:<\/strong><\/p>\n<p><a href=\"https:\/\/mol-en.icb.usp.br\/index.php\/13-5-2-amelogenese-e-esmalte\/\">ACESSAR P\u00c1GINA ANTERIOR<\/a><\/p>\n<p><a href=\"https:\/\/mol-en.icb.usp.br\/index.php\/13-5-4-amelogenese-e-esmalte\/\">ACESSAR P\u00c1GINA SEGUINTE<\/a>\n<\/div>\n<\/div>\n<\/div>\n<p><\/body><br \/>\n<\/html> <\/div><\/div>\n<\/div>\n","protected":false},"excerpt":{"rendered":"","protected":false},"author":2,"featured_media":0,"parent":0,"menu_order":0,"comment_status":"closed","ping_status":"closed","template":"","meta":{"footnotes":""},"class_list":["post-1832","page","type-page","status-publish","hentry"],"_links":{"self":[{"href":"https:\/\/mol-en.icb.usp.br\/index.php\/wp-json\/wp\/v2\/pages\/1832","targetHints":{"allow":["GET"]}}],"collection":[{"href":"https:\/\/mol-en.icb.usp.br\/index.php\/wp-json\/wp\/v2\/pages"}],"about":[{"href":"https:\/\/mol-en.icb.usp.br\/index.php\/wp-json\/wp\/v2\/types\/page"}],"author":[{"embeddable":true,"href":"https:\/\/mol-en.icb.usp.br\/index.php\/wp-json\/wp\/v2\/users\/2"}],"replies":[{"embeddable":true,"href":"https:\/\/mol-en.icb.usp.br\/index.php\/wp-json\/wp\/v2\/comments?post=1832"}],"version-history":[{"count":10,"href":"https:\/\/mol-en.icb.usp.br\/index.php\/wp-json\/wp\/v2\/pages\/1832\/revisions"}],"predecessor-version":[{"id":6494,"href":"https:\/\/mol-en.icb.usp.br\/index.php\/wp-json\/wp\/v2\/pages\/1832\/revisions\/6494"}],"wp:attachment":[{"href":"https:\/\/mol-en.icb.usp.br\/index.php\/wp-json\/wp\/v2\/media?parent=1832"}],"curies":[{"name":"wp","href":"https:\/\/api.w.org\/{rel}","templated":true}]}}