{"id":16634,"date":"2025-10-25T18:11:46","date_gmt":"2025-10-25T21:11:46","guid":{"rendered":"https:\/\/mol-en.icb.usp.br\/?page_id=16634"},"modified":"2025-10-25T18:11:46","modified_gmt":"2025-10-25T21:11:46","slug":"8-muscle-tissue","status":"publish","type":"page","link":"https:\/\/mol-en.icb.usp.br\/index.php\/8-muscle-tissue\/","title":{"rendered":"8- Muscle tissue"},"content":{"rendered":"<p>OBJETIVOS DESTE M\u00d3DULO:<\/p>\n<p>Conhecer as caracter\u00edsticas histol\u00f3gicas do tecido muscular<br \/>\nDistinguir e conhecer as caracter\u00edsticas do tecido muscular estriado esquel\u00e9tico<br \/>\nDistinguir e conhecer as caracter\u00edsticas do tecido muscular estriado card\u00edaco<br \/>\nDistinguir e conhecer as caracter\u00edsticas do tecido muscular liso<\/p>\n<p>Este m\u00f3dulo \u00e9 composto de 14 p\u00e1ginas.<\/p>\n<p>ENTRE NO IN\u00cdCIO DO M\u00d3DULO 8<br \/>\nou<br \/>\nCLIQUE NOS LINKS PARA ABRIR OS T\u00d3PICOS PRINCIPAIS:<\/p>\n<p>Caracter\u00edsticas do tecido muscular<br \/>\nTecido muscular estriado esquel\u00e9tico<br \/>\nTecido muscular estriado card\u00edaco<br \/>\nTecido muscular liso<\/p>\n<p>Editar<\/p>\n","protected":false},"excerpt":{"rendered":"<p>OBJETIVOS DESTE M\u00d3DULO: Conhecer as caracter\u00edsticas histol\u00f3gicas do tecido muscular Distinguir e conhecer as caracter\u00edsticas do tecido muscular estriado esquel\u00e9tico Distinguir e conhecer as caracter\u00edsticas do tecido muscular estriado card\u00edaco Distinguir e conhecer as caracter\u00edsticas do tecido muscular liso Este m\u00f3dulo \u00e9 composto de 14 p\u00e1ginas. ENTRE NO IN\u00cdCIO DO M\u00d3DULO 8 ou CLIQUE NOS [&hellip;]<\/p>\n","protected":false},"author":2,"featured_media":0,"parent":0,"menu_order":0,"comment_status":"closed","ping_status":"closed","template":"","meta":{"footnotes":""},"class_list":["post-16634","page","type-page","status-publish","hentry"],"_links":{"self":[{"href":"https:\/\/mol-en.icb.usp.br\/index.php\/wp-json\/wp\/v2\/pages\/16634","targetHints":{"allow":["GET"]}}],"collection":[{"href":"https:\/\/mol-en.icb.usp.br\/index.php\/wp-json\/wp\/v2\/pages"}],"about":[{"href":"https:\/\/mol-en.icb.usp.br\/index.php\/wp-json\/wp\/v2\/types\/page"}],"author":[{"embeddable":true,"href":"https:\/\/mol-en.icb.usp.br\/index.php\/wp-json\/wp\/v2\/users\/2"}],"replies":[{"embeddable":true,"href":"https:\/\/mol-en.icb.usp.br\/index.php\/wp-json\/wp\/v2\/comments?post=16634"}],"version-history":[{"count":1,"href":"https:\/\/mol-en.icb.usp.br\/index.php\/wp-json\/wp\/v2\/pages\/16634\/revisions"}],"predecessor-version":[{"id":16635,"href":"https:\/\/mol-en.icb.usp.br\/index.php\/wp-json\/wp\/v2\/pages\/16634\/revisions\/16635"}],"wp:attachment":[{"href":"https:\/\/mol-en.icb.usp.br\/index.php\/wp-json\/wp\/v2\/media?parent=16634"}],"curies":[{"name":"wp","href":"https:\/\/api.w.org\/{rel}","templated":true}]}}